{"id":2298,"date":"2022-02-05T11:44:45","date_gmt":"2022-02-05T11:44:45","guid":{"rendered":"https:\/\/rouzade.com\/?page_id=2298"},"modified":"2022-04-19T13:50:40","modified_gmt":"2022-04-19T13:50:40","slug":"qui-suis-je-2","status":"publish","type":"page","link":"https:\/\/rouzade.com\/en\/qui-suis-je-2\/","title":{"rendered":"Qui suis-je"},"content":{"rendered":"<p class=\"p1\">Je m&#039;appelle Olga ROUZADE (Abdrakhmanova). Je suis consultante chez AXA Pr\u00e9voyance et Patrimoine, avec le statut de profession ind\u00e9pendante et mandataire exclusif du Groupe AXA.<\/p>\n<p class=\"p1\">Mon Cabinet est sp\u00e9cialis\u00e9 dans la Protection Financi\u00e8re des personnes.<\/p>\n<p class=\"p1\">Depuis 2020, j&#039;accompagne mes clients en mati\u00e8re de retraite, d&#039;\u00e9pargne, de Pr\u00e9voyance, d&#039;optimisation fiscale et pour la transmission du patrimoine.<\/p>\n<h2 class=\"p1\">Ma specialite<\/h2>\n<p class=\"p1\">Toutes les solutions qui je vous propose sont dans le cadre d&#039;une optimization fiscal (Madelin, Fillon, Assurance Vie etc.)<\/p>\n<h3 class=\"p1\">Pr\u00e9voyance<\/h3>\n<ul>\n<li class=\"p1\">L&#039;accident de Vie.<\/li>\n<li class=\"p1\">L&#039;assurance d\u00e9c\u00e8s.<\/li>\n<li class=\"p1\">L&#039;arr\u00eat de travail.<\/li>\n<li class=\"p1\">L&#039;invalidit\u00e9.<\/li>\n<li class=\"p1\">La d\u00e9pendance.<\/li>\n<li class=\"p1\">L&#039;assurance de pr\u00eat.<\/li>\n<li class=\"p1\">La mutuelle sant\u00e9.<\/li>\n<\/ul>\n<h3>Gestion du Patrimoine<\/h3>\n<ul>\n<li>L&#039;\u00e9pargne.<\/li>\n<li>L&#039;assurance Vie.<\/li>\n<li>Plan \u00c9pargne Retraite.<\/li>\n<li>Transmission de patrimoine.<\/li>\n<\/ul>\n<h2>Ma method de travaille<\/h2>\n<p>Je vous propose de r\u00e9aliser votre \u00c9tude Personnalis\u00e9e 360 d\u00e9gr\u00e9es pour d\u00e9couvrir l&#039;\u00e9tat de vos garanties existantes et d\u00e9terminer vos objectifs patrimoniaux.<\/p>\n<p>Cela peut permettre de faire des \u00e9conomies sur votre Protection personnelle et d&#039;optimiser votre \u00e9pargne et vos imp\u00f4ts.<\/p>\n<p>Les solutions qui je vous propose se basent sur votre situation personnelle. Et je vous accompagne et apporte de conseil social, juridique et fiscale pour optimiser vos finances tout au long de notre relation professionnelle.<\/p>\n<h2>Mon experience<\/h2>\n<ul>\n<li>Depuis 2020 j&#039;ai ouvert mon Cabinet d&#039;assurance et de gestion de patrimoine.<\/li>\n<li>Depuis 2019 j&#039;investis sur le march\u00e9 financier en tant que particulier.<\/li>\n<\/ul>\n<p>Je parle anglais et fran\u00e7ais, russe (langue maternelle).<\/p>\n<h2>Education<\/h2>\n<ul>\n<li>2020 Campus AXA Fr\u00e9migny - Agent d&#039;assurance et gestion de patrimoine.<\/li>\n<li>2013 RANEPA Moscow - MBA Top Manager Finance et Cr\u00e9dit.<\/li>\n<li>1999 MGTU Magnitogorsk - Ing\u00e9nieur Economiste.<\/li>\n<\/ul>\n<h2>Hobby<\/h2>\n<p>J&#039;aime la mode, l&#039;art. Je pratique le yoga. Je voyage \u00e0 travers le monde, ai visit\u00e9 plus de 30 pays. J&#039;ai v\u00e9cu en Cor\u00e9e, en Russie, en Tha\u00eflande.<\/p>\n<p><a href=\"https:\/\/rouzade.com\/fr\/contacts\/\">Contactez-moi<\/a> pour r\u00e9alisation de votre Bilan Social et Patrimoniale<\/p>","protected":false},"excerpt":{"rendered":"<p>Je m&#039;appelle Olga ROUZADE (Abdrakhmanova). Je suis consultante chez AXA Pr\u00e9voyance et Patrimoine, avec le statut de profession ind\u00e9pendante et mandataire exclusif du Groupe AXA. Mon Cabinet est sp\u00e9cialis\u00e9 dans la Protection Financi\u00e8re des personnes. Depuis 2020, j&#039;accompagne mes clients en mati\u00e8re de retraite, d&#039;\u00e9pargne, de Pr\u00e9voyance, d&#039;optimisation fiscale et pour la transmission du patrimoine. [\u2026]<\/p>","protected":false},"author":1,"featured_media":0,"parent":0,"menu_order":0,"comment_status":"closed","ping_status":"closed","template":"","meta":{"_acf_changed":false,"content-type":"","footnotes":""},"class_list":["post-2298","page","type-page","status-publish"],"acf":[],"yoast_head":"<title>Qui suis-je -<\/title>\n<meta name=\"robots\" content=\"index, follow, max-snippet:-1, max-image-preview:large, max-video-preview:-1\" \/>\n<link rel=\"canonical\" href=\"https:\/\/rouzade.com\/en\/qui-suis-je-2\/\" \/>\n<meta property=\"og:locale\" content=\"en_US\" \/>\n<meta property=\"og:type\" content=\"article\" \/>\n<meta property=\"og:title\" content=\"Qui suis-je -\" \/>\n<meta property=\"og:description\" content=\"Je m&#8217;appelle Olga ROUZADE (Abdrakhmanova). Je suis consultante chez AXA Pr\u00e9voyance et Patrimoine, avec le statut de profession ind\u00e9pendante et mandataire exclusif du Groupe AXA. Mon Cabinet est sp\u00e9cialis\u00e9 dans la Protection Financi\u00e8re des personnes. Depuis 2020, j&#8217;accompagne mes clients en mati\u00e8re de retraite, d&#8217;\u00e9pargne, de Pr\u00e9voyance, d&#8217;optimisation fiscale et pour la transmission du patrimoine. [&hellip;]\" \/>\n<meta property=\"og:url\" content=\"https:\/\/rouzade.com\/en\/qui-suis-je-2\/\" \/>\n<meta property=\"article:publisher\" content=\"https:\/\/www.facebook.com\/OlgaRouzade\" \/>\n<meta property=\"article:modified_time\" content=\"2022-04-19T13:50:40+00:00\" \/>\n<meta name=\"twitter:card\" content=\"summary_large_image\" \/>\n<meta name=\"twitter:site\" content=\"@olgarouzade\" \/>\n<meta name=\"twitter:label1\" content=\"Est. reading time\" \/>\n\t<meta name=\"twitter:data1\" content=\"2 minutes\" \/>","yoast_head_json":{"title":"Qui suis-je -","robots":{"index":"index","follow":"follow","max-snippet":"max-snippet:-1","max-image-preview":"max-image-preview:large","max-video-preview":"max-video-preview:-1"},"canonical":"https:\/\/rouzade.com\/en\/qui-suis-je-2\/","og_locale":"en_US","og_type":"article","og_title":"Qui suis-je -","og_description":"Je m&#8217;appelle Olga ROUZADE (Abdrakhmanova). Je suis consultante chez AXA Pr\u00e9voyance et Patrimoine, avec le statut de profession ind\u00e9pendante et mandataire exclusif du Groupe AXA. Mon Cabinet est sp\u00e9cialis\u00e9 dans la Protection Financi\u00e8re des personnes. Depuis 2020, j&#8217;accompagne mes clients en mati\u00e8re de retraite, d&#8217;\u00e9pargne, de Pr\u00e9voyance, d&#8217;optimisation fiscale et pour la transmission du patrimoine. [&hellip;]","og_url":"https:\/\/rouzade.com\/en\/qui-suis-je-2\/","article_publisher":"https:\/\/www.facebook.com\/OlgaRouzade","article_modified_time":"2022-04-19T13:50:40+00:00","twitter_card":"summary_large_image","twitter_site":"@olgarouzade","twitter_misc":{"Est. reading time":"2 minutes"},"schema":{"@context":"https:\/\/schema.org","@graph":[{"@type":"WebPage","@id":"https:\/\/rouzade.com\/fr\/qui-suis-je-2\/","url":"https:\/\/rouzade.com\/fr\/qui-suis-je-2\/","name":"Qui suis-je -","isPartOf":{"@id":"https:\/\/rouzade.com\/#website"},"datePublished":"2022-02-05T11:44:45+00:00","dateModified":"2022-04-19T13:50:40+00:00","breadcrumb":{"@id":"https:\/\/rouzade.com\/fr\/qui-suis-je-2\/#breadcrumb"},"inLanguage":"en-US","potentialAction":[{"@type":"ReadAction","target":["https:\/\/rouzade.com\/fr\/qui-suis-je-2\/"]}]},{"@type":"BreadcrumbList","@id":"https:\/\/rouzade.com\/fr\/qui-suis-je-2\/#breadcrumb","itemListElement":[{"@type":"ListItem","position":1,"name":"\u0413\u043b\u0430\u0432\u043d\u0430\u044f \u0441\u0442\u0440\u0430\u043d\u0438\u0446\u0430","item":"https:\/\/rouzade.com\/"},{"@type":"ListItem","position":2,"name":"Qui suis-je"}]},{"@type":"WebSite","@id":"https:\/\/rouzade.com\/#website","url":"https:\/\/rouzade.com\/","name":"","description":"","publisher":{"@id":"https:\/\/rouzade.com\/#\/schema\/person\/feb351bd99df599181072e5e3deb2142"},"potentialAction":[{"@type":"SearchAction","target":{"@type":"EntryPoint","urlTemplate":"https:\/\/rouzade.com\/?s={search_term_string}"},"query-input":{"@type":"PropertyValueSpecification","valueRequired":true,"valueName":"search_term_string"}}],"inLanguage":"en-US"},{"@type":["Person","Organization"],"@id":"https:\/\/rouzade.com\/#\/schema\/person\/feb351bd99df599181072e5e3deb2142","name":"Olga Rouzade","image":{"@type":"ImageObject","inLanguage":"en-US","@id":"https:\/\/rouzade.com\/wp-content\/uploads\/2019\/07\/1.png","url":"https:\/\/rouzade.com\/wp-content\/uploads\/2019\/07\/1.png","contentUrl":"https:\/\/rouzade.com\/wp-content\/uploads\/2019\/07\/1.png","width":500,"height":500,"caption":"Olga Rouzade"},"logo":{"@id":"https:\/\/rouzade.com\/wp-content\/uploads\/2019\/07\/1.png"},"description":"\u0421\u043e\u0432\u0435\u0442\u043d\u0438\u043a \u043f\u043e \u0441\u043e\u0437\u0434\u0430\u043d\u0438\u044e \u0438 \u043f\u0440\u043e\u0434\u0432\u0438\u0436\u0435\u043d\u0438\u044e \u0431\u0438\u0437\u043d\u0435\u0441\u0430 \u0438 \u043e\u0440\u0433\u0430\u043d\u0438\u0437\u0430\u0446\u0438\u0438 \u043b\u0438\u0447\u043d\u044b\u0445, \u0441\u0435\u043c\u0435\u0439\u043d\u044b\u0445 \u0444\u0438\u043d\u0430\u043d\u0441\u043e\u0432. \u041f\u043e\u043c\u043e\u0433\u0430\u044e \u0441\u043e\u0441\u0442\u0430\u0432\u0438\u0442\u044c \u043f\u0440\u043e\u0433\u0440\u0430\u043c\u043c\u0443 \u0440\u0435\u0448\u0435\u043d\u0438\u0439 \u0434\u043b\u044f \u0434\u043e\u0441\u0442\u0438\u0436\u0435\u043d\u0438\u044f \u0432\u0430\u0448\u0438\u0445 \u0444\u0438\u043d\u0430\u043d\u0441\u043e\u0432\u044b\u0445 \u0446\u0435\u043b\u0435\u0439 \u0441 \u0443\u0447\u0435\u0442\u043e\u043c \u043d\u0430\u043b\u043e\u0433\u043e\u0432\u043e\u0439 \u043e\u043f\u0442\u0438\u043c\u0438\u0437\u0430\u0446\u0438\u0438. \u041a\u043e\u043d\u0441\u0443\u043b\u044c\u0442\u0438\u0440\u0443\u044e \u043f\u043e \u0432\u043e\u043f\u0440\u043e\u0441\u0430\u043c \u0441\u043e\u0437\u0434\u0430\u043d\u0438\u044f \u0438 \u043f\u0440\u043e\u0434\u0432\u0438\u0436\u0435\u043d\u0438\u044f \u0431\u0438\u0437\u043d\u0435\u0441\u0430 \u0432\u043e \u0424\u0440\u0430\u043d\u0446\u0438\u0438.","sameAs":["https:\/\/www.facebook.com\/OlgaRouzade","https:\/\/www.instagram.com\/olga.rouzade\/","https:\/\/www.linkedin.com\/in\/olga-rouzade\/","https:\/\/x.com\/https:\/\/twitter.com\/olgarouzade","https:\/\/www.youtube.com\/channel\/UCnq3HZMlA_z28sXegNED8kA"]}]}},"_links":{"self":[{"href":"https:\/\/rouzade.com\/en\/wp-json\/wp\/v2\/pages\/2298","targetHints":{"allow":["GET"]}}],"collection":[{"href":"https:\/\/rouzade.com\/en\/wp-json\/wp\/v2\/pages"}],"about":[{"href":"https:\/\/rouzade.com\/en\/wp-json\/wp\/v2\/types\/page"}],"author":[{"embeddable":true,"href":"https:\/\/rouzade.com\/en\/wp-json\/wp\/v2\/users\/1"}],"replies":[{"embeddable":true,"href":"https:\/\/rouzade.com\/en\/wp-json\/wp\/v2\/comments?post=2298"}],"version-history":[{"count":0,"href":"https:\/\/rouzade.com\/en\/wp-json\/wp\/v2\/pages\/2298\/revisions"}],"wp:attachment":[{"href":"https:\/\/rouzade.com\/en\/wp-json\/wp\/v2\/media?parent=2298"}],"curies":[{"name":"wp","href":"https:\/\/api.w.org\/{rel}","templated":true}]}}