{"id":5054,"date":"2023-12-23T21:25:09","date_gmt":"2023-12-23T20:25:09","guid":{"rendered":"https:\/\/rouzade.com\/?page_id=5054"},"modified":"2024-05-05T18:50:51","modified_gmt":"2024-05-05T16:50:51","slug":"formulaire-de-retractation","status":"publish","type":"page","link":"https:\/\/rouzade.com\/en\/formulaire-de-retractation\/","title":{"rendered":"Formule de r\u00e9tractation"},"content":{"rendered":"<p>Merci de copier les questions de ce formulaire, de le compl\u00e9ter et d&#039;en retourner une copie au Cabinet@rouzade si vous souhaitez r\u00e9silier le contrat.<\/p>\n<p>A l&#039;attention de [le professionnel ins\u00e8re ici son nom, son adresse g\u00e9ographique et son adresse \u00e9lectronique]:<\/p>\n<p>Je\/nous (*) vous notifie\/notifions (*) par la pr\u00e9sente ma\/notre (*) r\u00e9tractation du contrat portant sur la vente du bien (*)\/pour la prestation de services (*) ci-dessous :<\/p>\n<p>Commande le (*)\/re\u00e7u le (*) :<\/p>\n<p>Nom du (des) consommateur(s):<\/p>\n<p>Address du (des) consommateur(s) :<\/p>\n<p>Signature du (des) consommateur(s) (uniquement en cas de notification du pr\u00e9sent formulaire sur papier) :<\/p>\n<p>Date:<\/p>","protected":false},"excerpt":{"rendered":"<p>Merci de copier les questions de ce formulaire, de le compl\u00e9ter et d&#039;en retourner une copie au Cabinet@rouzade si vous souhaitez r\u00e9silier le contrat. A l&#039;attention de [le professionnel ins\u00e8re ici son nom, son adresse g\u00e9ographique et son adresse \u00e9lectronique]: Je\/nous (*) vous notifie\/notifions (*) par la pr\u00e9sente ma\/notre (*) r\u00e9tractation du contrat portant [\u2026 ]<\/p>","protected":false},"author":1,"featured_media":0,"parent":0,"menu_order":0,"comment_status":"closed","ping_status":"closed","template":"","meta":{"_acf_changed":false,"content-type":"","footnotes":""},"class_list":["post-5054","page","type-page","status-publish"],"acf":[],"yoast_head":"<title>Formulaire de r\u00e9tractation -<\/title>\n<meta name=\"robots\" content=\"index, follow, max-snippet:-1, max-image-preview:large, max-video-preview:-1\" \/>\n<link rel=\"canonical\" href=\"https:\/\/rouzade.com\/en\/formulaire-de-retractation\/\" \/>\n<meta property=\"og:locale\" content=\"en_US\" \/>\n<meta property=\"og:type\" content=\"article\" \/>\n<meta property=\"og:title\" content=\"Formulaire de r\u00e9tractation -\" \/>\n<meta property=\"og:description\" content=\"Merci de copier les questions de ce formulaire, de le compl\u00e9ter et d&#8217;en retourner une copie au Cabinet@rouzade si vous souhaitez r\u00e9silier le contrat. A l&#8217;attention de [le professionnel ins\u00e8re ici son nom, son adresse g\u00e9ographique et son adresse \u00e9lectronique] : Je\/nous (*) vous notifie\/notifions (*) par la pr\u00e9sente ma\/notre (*) r\u00e9tractation du contrat portant [&hellip;]\" \/>\n<meta property=\"og:url\" content=\"https:\/\/rouzade.com\/en\/formulaire-de-retractation\/\" \/>\n<meta property=\"article:publisher\" content=\"https:\/\/www.facebook.com\/OlgaRouzade\" \/>\n<meta property=\"article:modified_time\" content=\"2024-05-05T16:50:51+00:00\" \/>\n<meta name=\"twitter:card\" content=\"summary_large_image\" \/>\n<meta name=\"twitter:site\" content=\"@olgarouzade\" \/>\n<meta name=\"twitter:label1\" content=\"Est. reading time\" \/>\n\t<meta name=\"twitter:data1\" content=\"1 minute\" \/>","yoast_head_json":{"title":"Formulaire de r\u00e9tractation -","robots":{"index":"index","follow":"follow","max-snippet":"max-snippet:-1","max-image-preview":"max-image-preview:large","max-video-preview":"max-video-preview:-1"},"canonical":"https:\/\/rouzade.com\/en\/formulaire-de-retractation\/","og_locale":"en_US","og_type":"article","og_title":"Formulaire de r\u00e9tractation -","og_description":"Merci de copier les questions de ce formulaire, de le compl\u00e9ter et d&#8217;en retourner une copie au Cabinet@rouzade si vous souhaitez r\u00e9silier le contrat. A l&#8217;attention de [le professionnel ins\u00e8re ici son nom, son adresse g\u00e9ographique et son adresse \u00e9lectronique] : Je\/nous (*) vous notifie\/notifions (*) par la pr\u00e9sente ma\/notre (*) r\u00e9tractation du contrat portant [&hellip;]","og_url":"https:\/\/rouzade.com\/en\/formulaire-de-retractation\/","article_publisher":"https:\/\/www.facebook.com\/OlgaRouzade","article_modified_time":"2024-05-05T16:50:51+00:00","twitter_card":"summary_large_image","twitter_site":"@olgarouzade","twitter_misc":{"Est. reading time":"1 minute"},"schema":{"@context":"https:\/\/schema.org","@graph":[{"@type":"WebPage","@id":"https:\/\/rouzade.com\/formulaire-de-retractation\/","url":"https:\/\/rouzade.com\/formulaire-de-retractation\/","name":"Formulaire de r\u00e9tractation -","isPartOf":{"@id":"https:\/\/rouzade.com\/#website"},"datePublished":"2023-12-23T20:25:09+00:00","dateModified":"2024-05-05T16:50:51+00:00","breadcrumb":{"@id":"https:\/\/rouzade.com\/formulaire-de-retractation\/#breadcrumb"},"inLanguage":"en-US","potentialAction":[{"@type":"ReadAction","target":["https:\/\/rouzade.com\/formulaire-de-retractation\/"]}]},{"@type":"BreadcrumbList","@id":"https:\/\/rouzade.com\/formulaire-de-retractation\/#breadcrumb","itemListElement":[{"@type":"ListItem","position":1,"name":"\u0413\u043b\u0430\u0432\u043d\u0430\u044f \u0441\u0442\u0440\u0430\u043d\u0438\u0446\u0430","item":"https:\/\/rouzade.com\/"},{"@type":"ListItem","position":2,"name":"Formulaire de r\u00e9tractation"}]},{"@type":"WebSite","@id":"https:\/\/rouzade.com\/#website","url":"https:\/\/rouzade.com\/","name":"","description":"","publisher":{"@id":"https:\/\/rouzade.com\/#\/schema\/person\/feb351bd99df599181072e5e3deb2142"},"potentialAction":[{"@type":"SearchAction","target":{"@type":"EntryPoint","urlTemplate":"https:\/\/rouzade.com\/?s={search_term_string}"},"query-input":{"@type":"PropertyValueSpecification","valueRequired":true,"valueName":"search_term_string"}}],"inLanguage":"en-US"},{"@type":["Person","Organization"],"@id":"https:\/\/rouzade.com\/#\/schema\/person\/feb351bd99df599181072e5e3deb2142","name":"Olga Rouzade","image":{"@type":"ImageObject","inLanguage":"en-US","@id":"https:\/\/rouzade.com\/#\/schema\/person\/image\/","url":"https:\/\/rouzade.com\/wp-content\/uploads\/2019\/07\/1.png","contentUrl":"https:\/\/rouzade.com\/wp-content\/uploads\/2019\/07\/1.png","width":500,"height":500,"caption":"Olga Rouzade"},"logo":{"@id":"https:\/\/rouzade.com\/#\/schema\/person\/image\/"},"description":"\u0421\u043e\u0432\u0435\u0442\u043d\u0438\u043a \u043f\u043e \u0441\u043e\u0437\u0434\u0430\u043d\u0438\u044e \u0438 \u043f\u0440\u043e\u0434\u0432\u0438\u0436\u0435\u043d\u0438\u044e \u0431\u0438\u0437\u043d\u0435\u0441\u0430 \u0438 \u043e\u0440\u0433\u0430\u043d\u0438\u0437\u0430\u0446\u0438\u0438 \u043b\u0438\u0447\u043d\u044b\u0445, \u0441\u0435\u043c\u0435\u0439\u043d\u044b\u0445 \u0444\u0438\u043d\u0430\u043d\u0441\u043e\u0432. \u041f\u043e\u043c\u043e\u0433\u0430\u044e \u0441\u043e\u0441\u0442\u0430\u0432\u0438\u0442\u044c \u043f\u0440\u043e\u0433\u0440\u0430\u043c\u043c\u0443 \u0440\u0435\u0448\u0435\u043d\u0438\u0439 \u0434\u043b\u044f \u0434\u043e\u0441\u0442\u0438\u0436\u0435\u043d\u0438\u044f \u0432\u0430\u0448\u0438\u0445 \u0444\u0438\u043d\u0430\u043d\u0441\u043e\u0432\u044b\u0445 \u0446\u0435\u043b\u0435\u0439 \u0441 \u0443\u0447\u0435\u0442\u043e\u043c \u043d\u0430\u043b\u043e\u0433\u043e\u0432\u043e\u0439 \u043e\u043f\u0442\u0438\u043c\u0438\u0437\u0430\u0446\u0438\u0438. \u041a\u043e\u043d\u0441\u0443\u043b\u044c\u0442\u0438\u0440\u0443\u044e \u043f\u043e \u0432\u043e\u043f\u0440\u043e\u0441\u0430\u043c \u0441\u043e\u0437\u0434\u0430\u043d\u0438\u044f \u0438 \u043f\u0440\u043e\u0434\u0432\u0438\u0436\u0435\u043d\u0438\u044f \u0431\u0438\u0437\u043d\u0435\u0441\u0430 \u0432\u043e \u0424\u0440\u0430\u043d\u0446\u0438\u0438.","sameAs":["https:\/\/www.facebook.com\/OlgaRouzade","https:\/\/www.instagram.com\/olga.rouzade\/","https:\/\/www.linkedin.com\/in\/olga-rouzade\/","https:\/\/x.com\/https:\/\/twitter.com\/olgarouzade","https:\/\/www.youtube.com\/channel\/UCnq3HZMlA_z28sXegNED8kA"]}]}},"_links":{"self":[{"href":"https:\/\/rouzade.com\/en\/wp-json\/wp\/v2\/pages\/5054","targetHints":{"allow":["GET"]}}],"collection":[{"href":"https:\/\/rouzade.com\/en\/wp-json\/wp\/v2\/pages"}],"about":[{"href":"https:\/\/rouzade.com\/en\/wp-json\/wp\/v2\/types\/page"}],"author":[{"embeddable":true,"href":"https:\/\/rouzade.com\/en\/wp-json\/wp\/v2\/users\/1"}],"replies":[{"embeddable":true,"href":"https:\/\/rouzade.com\/en\/wp-json\/wp\/v2\/comments?post=5054"}],"version-history":[{"count":3,"href":"https:\/\/rouzade.com\/en\/wp-json\/wp\/v2\/pages\/5054\/revisions"}],"predecessor-version":[{"id":5882,"href":"https:\/\/rouzade.com\/en\/wp-json\/wp\/v2\/pages\/5054\/revisions\/5882"}],"wp:attachment":[{"href":"https:\/\/rouzade.com\/en\/wp-json\/wp\/v2\/media?parent=5054"}],"curies":[{"name":"wp","href":"https:\/\/api.w.org\/{rel}","templated":true}]}}