{"id":1763,"date":"2021-10-04T08:43:47","date_gmt":"2021-10-04T08:43:47","guid":{"rendered":"https:\/\/rouzade.com\/?page_id=1763"},"modified":"2021-10-04T10:26:36","modified_gmt":"2021-10-04T10:26:36","slug":"zapis-prjamogo-jefira-i-prezentacija","status":"publish","type":"page","link":"https:\/\/rouzade.com\/fr\/zapis-prjamogo-jefira-i-prezentacija\/","title":{"rendered":"Enregistrement et pr\u00e9sentation de la diffusion en direct"},"content":{"rendered":"<p>Dans cette vid\u00e9o, je parle de comment pr\u00e9parer sa retraite en France. Nous parlerons de :<\/p>\n<ul>\n<li>syst\u00e8me de retraite;<\/li>\n<li>qu&#039;est-ce qui affecte le montant de la pension\u00a0;<\/li>\n<li>comment est constitu\u00e9e la pension ;<\/li>\n<li>comment calculer la future pension\u00a0;<\/li>\n<li>une solution qui augmentera les retraites et r\u00e9duira les imp\u00f4ts sur le revenu.<\/li>\n<\/ul>\n<p>La pr\u00e9sentation peut \u00eatre t\u00e9l\u00e9charg\u00e9e \u00e0 partir du lien... <a href=\"https:\/\/rouzade.com\/wp-content\/uploads\/2021\/10\/kak-podgotovitsja-k-pensii-vo-francii.pdf\">Comment pr\u00e9parer sa retraite en France<\/a><\/p>\n<p>Inscrivez-vous pour une consultation.<\/p>\n<p style=\"text-align: center;\"><a class=\"maxbutton-1 maxbutton maxbutton-zapisatsya-na-konsultaciyu\" target=\"_blank\" rel=\"noopener\" href=\"https:\/\/calendly.com\/olga-rouzade\/15-minut-k-business-mechte?utm_source=site&amp;utm_medium=MaxButtons&amp;utm_campaign=rdv-calendly\"><span class='mb-text'>Inscrivez-vous pour une consultation<\/span><\/a><\/p>\n<p><iframe loading=\"lazy\" title=\"La retraite en France. Comment pr\u00e9parer sa retraite. La s\u00e9curit\u00e9 de la vieillesse est-elle une r\u00e9alit\u00e9 ?\" width=\"696\" height=\"392\" src=\"https:\/\/www.youtube.com\/embed\/X7FFFWr2reE?feature=oembed\" frameborder=\"0\" allow=\"accelerometer; autoplay; clipboard-write; encrypted-media; gyroscope; picture-in-picture\" allowfullscreen><\/iframe><\/p>","protected":false},"excerpt":{"rendered":"<p>Dans cette vid\u00e9o, je parle de comment pr\u00e9parer sa retraite en France. Nous parlerons : du syst\u00e8me de retraite ; qu&#039;est-ce qui affecte le montant de la pension\u00a0; comment est constitu\u00e9e la pension ; comment calculer la future pension\u00a0; une solution qui augmentera les retraites et r\u00e9duira les imp\u00f4ts sur le revenu. La pr\u00e9sentation est t\u00e9l\u00e9chargeable \u00e0 partir du lien... Comment pr\u00e9parer sa retraite en France Inscrivez-vous \u00e0 une consultation.<\/p>","protected":false},"author":1,"featured_media":0,"parent":0,"menu_order":0,"comment_status":"closed","ping_status":"closed","template":"","meta":{"_acf_changed":false,"content-type":"","footnotes":""},"class_list":["post-1763","page","type-page","status-publish"],"acf":[],"yoast_head":"<title>\u0417\u0430\u043f\u0438\u0441\u044c \u043f\u0440\u044f\u043c\u043e\u0433\u043e \u044d\u0444\u0438\u0440\u0430 \u0438 \u043f\u0440\u0435\u0437\u0435\u043d\u0442\u0430\u0446\u0438\u044f -<\/title>\n<meta name=\"robots\" content=\"index, follow, max-snippet:-1, max-image-preview:large, max-video-preview:-1\" \/>\n<link rel=\"canonical\" href=\"https:\/\/rouzade.com\/fr\/zapis-prjamogo-jefira-i-prezentacija\/\" \/>\n<meta property=\"og:locale\" content=\"fr_FR\" \/>\n<meta property=\"og:type\" content=\"article\" \/>\n<meta property=\"og:title\" content=\"\u0417\u0430\u043f\u0438\u0441\u044c \u043f\u0440\u044f\u043c\u043e\u0433\u043e \u044d\u0444\u0438\u0440\u0430 \u0438 \u043f\u0440\u0435\u0437\u0435\u043d\u0442\u0430\u0446\u0438\u044f -\" \/>\n<meta property=\"og:description\" content=\"\u0412 \u044d\u0442\u043e\u043c \u0432\u0438\u0434\u0435\u043e \u044f \u0440\u0430\u0441\u0441\u043a\u0430\u0437\u044b\u0432\u0430\u044e \u043e \u0442\u043e\u043c, \u043a\u0430\u043a \u043f\u043e\u0434\u0433\u043e\u0442\u043e\u0432\u0438\u0442\u044c\u0441\u044f \u043a \u043f\u0435\u043d\u0441\u0438\u0438 \u0432\u043e \u0424\u0440\u0430\u043d\u0446\u0438\u0438. \u0420\u0435\u0447\u044c \u043f\u043e\u0439\u0434\u0435\u0442 \u043e: \u043f\u0435\u043d\u0441\u0438\u043e\u043d\u043d\u043e\u0439 \u0441\u0438\u0441\u0442\u0435\u043c\u0435; \u0447\u0442\u043e \u0432\u043b\u0438\u044f\u0435\u0442 \u043d\u0430 \u0440\u0430\u0437\u043c\u0435\u0440 \u043f\u0435\u043d\u0441\u0438\u0438; \u043a\u0430\u043a \u0444\u043e\u0440\u043c\u0438\u0440\u0443\u0435\u0442\u0441\u044f \u043f\u0435\u043d\u0441\u0438\u044f; \u043a\u0430\u043a \u043f\u043e\u0441\u0447\u0438\u0442\u0430\u0442\u044c \u0431\u0443\u0434\u0443\u0449\u0443\u044e \u043f\u0435\u043d\u0441\u0438\u044e; \u0440\u0435\u0448\u0435\u043d\u0438\u0435, \u043a\u043e\u0442\u043e\u0440\u043e\u0435 \u043f\u043e\u0437\u0432\u043e\u043b\u0438\u0442 \u0443\u0432\u0435\u043b\u0438\u0447\u0438\u0442\u044c \u043f\u0435\u043d\u0441\u0438\u044e \u0438 \u0441\u043d\u0438\u0437\u0438\u0442\u044c \u043d\u0430\u043b\u043e\u0433 \u043d\u0430 \u0434\u043e\u0445\u043e\u0434. \u041f\u0440\u0435\u0437\u0435\u043d\u0442\u0430\u0446\u0438\u044e \u043c\u043e\u0436\u043d\u043e \u0441\u043a\u0430\u0447\u0430\u0442\u044c \u043f\u043e \u0441\u0441\u044b\u043b\u043a\u0435&#8230; \u041a\u0430\u043a \u043f\u043e\u0434\u0433\u043e\u0442\u043e\u0432\u0438\u0442\u044c\u0441\u044f \u043a \u043f\u0435\u043d\u0441\u0438\u0438 \u0432\u043e \u0424\u0440\u0430\u043d\u0446\u0438\u0438 \u0417\u0430\u043f\u0438\u0441\u044b\u0432\u0430\u0439\u0442\u0435\u0441\u044c \u043d\u0430 \u043a\u043e\u043d\u0441\u0443\u043b\u044c\u0442\u0430\u0446\u0438\u044e.\" \/>\n<meta property=\"og:url\" content=\"https:\/\/rouzade.com\/fr\/zapis-prjamogo-jefira-i-prezentacija\/\" \/>\n<meta property=\"article:publisher\" content=\"https:\/\/www.facebook.com\/OlgaRouzade\" \/>\n<meta property=\"article:modified_time\" content=\"2021-10-04T10:26:36+00:00\" \/>\n<meta name=\"twitter:card\" content=\"summary_large_image\" \/>\n<meta name=\"twitter:site\" content=\"@olgarouzade\" \/>\n<meta name=\"twitter:label1\" content=\"Dur\u00e9e de lecture estim\u00e9e\" \/>\n\t<meta name=\"twitter:data1\" content=\"1 minute\" \/>","yoast_head_json":{"title":"\u0417\u0430\u043f\u0438\u0441\u044c \u043f\u0440\u044f\u043c\u043e\u0433\u043e \u044d\u0444\u0438\u0440\u0430 \u0438 \u043f\u0440\u0435\u0437\u0435\u043d\u0442\u0430\u0446\u0438\u044f -","robots":{"index":"index","follow":"follow","max-snippet":"max-snippet:-1","max-image-preview":"max-image-preview:large","max-video-preview":"max-video-preview:-1"},"canonical":"https:\/\/rouzade.com\/fr\/zapis-prjamogo-jefira-i-prezentacija\/","og_locale":"fr_FR","og_type":"article","og_title":"\u0417\u0430\u043f\u0438\u0441\u044c \u043f\u0440\u044f\u043c\u043e\u0433\u043e \u044d\u0444\u0438\u0440\u0430 \u0438 \u043f\u0440\u0435\u0437\u0435\u043d\u0442\u0430\u0446\u0438\u044f -","og_description":"\u0412 \u044d\u0442\u043e\u043c \u0432\u0438\u0434\u0435\u043e \u044f \u0440\u0430\u0441\u0441\u043a\u0430\u0437\u044b\u0432\u0430\u044e \u043e \u0442\u043e\u043c, \u043a\u0430\u043a \u043f\u043e\u0434\u0433\u043e\u0442\u043e\u0432\u0438\u0442\u044c\u0441\u044f \u043a \u043f\u0435\u043d\u0441\u0438\u0438 \u0432\u043e \u0424\u0440\u0430\u043d\u0446\u0438\u0438. \u0420\u0435\u0447\u044c \u043f\u043e\u0439\u0434\u0435\u0442 \u043e: \u043f\u0435\u043d\u0441\u0438\u043e\u043d\u043d\u043e\u0439 \u0441\u0438\u0441\u0442\u0435\u043c\u0435; \u0447\u0442\u043e \u0432\u043b\u0438\u044f\u0435\u0442 \u043d\u0430 \u0440\u0430\u0437\u043c\u0435\u0440 \u043f\u0435\u043d\u0441\u0438\u0438; \u043a\u0430\u043a \u0444\u043e\u0440\u043c\u0438\u0440\u0443\u0435\u0442\u0441\u044f \u043f\u0435\u043d\u0441\u0438\u044f; \u043a\u0430\u043a \u043f\u043e\u0441\u0447\u0438\u0442\u0430\u0442\u044c \u0431\u0443\u0434\u0443\u0449\u0443\u044e \u043f\u0435\u043d\u0441\u0438\u044e; \u0440\u0435\u0448\u0435\u043d\u0438\u0435, \u043a\u043e\u0442\u043e\u0440\u043e\u0435 \u043f\u043e\u0437\u0432\u043e\u043b\u0438\u0442 \u0443\u0432\u0435\u043b\u0438\u0447\u0438\u0442\u044c \u043f\u0435\u043d\u0441\u0438\u044e \u0438 \u0441\u043d\u0438\u0437\u0438\u0442\u044c \u043d\u0430\u043b\u043e\u0433 \u043d\u0430 \u0434\u043e\u0445\u043e\u0434. \u041f\u0440\u0435\u0437\u0435\u043d\u0442\u0430\u0446\u0438\u044e \u043c\u043e\u0436\u043d\u043e \u0441\u043a\u0430\u0447\u0430\u0442\u044c \u043f\u043e \u0441\u0441\u044b\u043b\u043a\u0435&#8230; \u041a\u0430\u043a \u043f\u043e\u0434\u0433\u043e\u0442\u043e\u0432\u0438\u0442\u044c\u0441\u044f \u043a \u043f\u0435\u043d\u0441\u0438\u0438 \u0432\u043e \u0424\u0440\u0430\u043d\u0446\u0438\u0438 \u0417\u0430\u043f\u0438\u0441\u044b\u0432\u0430\u0439\u0442\u0435\u0441\u044c \u043d\u0430 \u043a\u043e\u043d\u0441\u0443\u043b\u044c\u0442\u0430\u0446\u0438\u044e.","og_url":"https:\/\/rouzade.com\/fr\/zapis-prjamogo-jefira-i-prezentacija\/","article_publisher":"https:\/\/www.facebook.com\/OlgaRouzade","article_modified_time":"2021-10-04T10:26:36+00:00","twitter_card":"summary_large_image","twitter_site":"@olgarouzade","twitter_misc":{"Dur\u00e9e de lecture estim\u00e9e":"1 minute"},"schema":{"@context":"https:\/\/schema.org","@graph":[{"@type":"WebPage","@id":"https:\/\/rouzade.com\/zapis-prjamogo-jefira-i-prezentacija\/","url":"https:\/\/rouzade.com\/zapis-prjamogo-jefira-i-prezentacija\/","name":"\u0417\u0430\u043f\u0438\u0441\u044c \u043f\u0440\u044f\u043c\u043e\u0433\u043e \u044d\u0444\u0438\u0440\u0430 \u0438 \u043f\u0440\u0435\u0437\u0435\u043d\u0442\u0430\u0446\u0438\u044f -","isPartOf":{"@id":"https:\/\/rouzade.com\/#website"},"datePublished":"2021-10-04T08:43:47+00:00","dateModified":"2021-10-04T10:26:36+00:00","breadcrumb":{"@id":"https:\/\/rouzade.com\/zapis-prjamogo-jefira-i-prezentacija\/#breadcrumb"},"inLanguage":"fr-FR","potentialAction":[{"@type":"ReadAction","target":["https:\/\/rouzade.com\/zapis-prjamogo-jefira-i-prezentacija\/"]}]},{"@type":"BreadcrumbList","@id":"https:\/\/rouzade.com\/zapis-prjamogo-jefira-i-prezentacija\/#breadcrumb","itemListElement":[{"@type":"ListItem","position":1,"name":"\u0413\u043b\u0430\u0432\u043d\u0430\u044f \u0441\u0442\u0440\u0430\u043d\u0438\u0446\u0430","item":"https:\/\/rouzade.com\/"},{"@type":"ListItem","position":2,"name":"\u0417\u0430\u043f\u0438\u0441\u044c \u043f\u0440\u044f\u043c\u043e\u0433\u043e \u044d\u0444\u0438\u0440\u0430 \u0438 \u043f\u0440\u0435\u0437\u0435\u043d\u0442\u0430\u0446\u0438\u044f"}]},{"@type":"WebSite","@id":"https:\/\/rouzade.com\/#website","url":"https:\/\/rouzade.com\/","name":"","description":"","publisher":{"@id":"https:\/\/rouzade.com\/#\/schema\/person\/feb351bd99df599181072e5e3deb2142"},"potentialAction":[{"@type":"SearchAction","target":{"@type":"EntryPoint","urlTemplate":"https:\/\/rouzade.com\/?s={search_term_string}"},"query-input":{"@type":"PropertyValueSpecification","valueRequired":true,"valueName":"search_term_string"}}],"inLanguage":"fr-FR"},{"@type":["Person","Organization"],"@id":"https:\/\/rouzade.com\/#\/schema\/person\/feb351bd99df599181072e5e3deb2142","name":"Olga Rouzade","image":{"@type":"ImageObject","inLanguage":"fr-FR","@id":"https:\/\/rouzade.com\/wp-content\/uploads\/2019\/07\/1.png","url":"https:\/\/rouzade.com\/wp-content\/uploads\/2019\/07\/1.png","contentUrl":"https:\/\/rouzade.com\/wp-content\/uploads\/2019\/07\/1.png","width":500,"height":500,"caption":"Olga Rouzade"},"logo":{"@id":"https:\/\/rouzade.com\/wp-content\/uploads\/2019\/07\/1.png"},"description":"\u0421\u043e\u0432\u0435\u0442\u043d\u0438\u043a \u043f\u043e \u0441\u043e\u0437\u0434\u0430\u043d\u0438\u044e \u0438 \u043f\u0440\u043e\u0434\u0432\u0438\u0436\u0435\u043d\u0438\u044e \u0431\u0438\u0437\u043d\u0435\u0441\u0430 \u0438 \u043e\u0440\u0433\u0430\u043d\u0438\u0437\u0430\u0446\u0438\u0438 \u043b\u0438\u0447\u043d\u044b\u0445, \u0441\u0435\u043c\u0435\u0439\u043d\u044b\u0445 \u0444\u0438\u043d\u0430\u043d\u0441\u043e\u0432. \u041f\u043e\u043c\u043e\u0433\u0430\u044e \u0441\u043e\u0441\u0442\u0430\u0432\u0438\u0442\u044c \u043f\u0440\u043e\u0433\u0440\u0430\u043c\u043c\u0443 \u0440\u0435\u0448\u0435\u043d\u0438\u0439 \u0434\u043b\u044f \u0434\u043e\u0441\u0442\u0438\u0436\u0435\u043d\u0438\u044f \u0432\u0430\u0448\u0438\u0445 \u0444\u0438\u043d\u0430\u043d\u0441\u043e\u0432\u044b\u0445 \u0446\u0435\u043b\u0435\u0439 \u0441 \u0443\u0447\u0435\u0442\u043e\u043c \u043d\u0430\u043b\u043e\u0433\u043e\u0432\u043e\u0439 \u043e\u043f\u0442\u0438\u043c\u0438\u0437\u0430\u0446\u0438\u0438. \u041a\u043e\u043d\u0441\u0443\u043b\u044c\u0442\u0438\u0440\u0443\u044e \u043f\u043e \u0432\u043e\u043f\u0440\u043e\u0441\u0430\u043c \u0441\u043e\u0437\u0434\u0430\u043d\u0438\u044f \u0438 \u043f\u0440\u043e\u0434\u0432\u0438\u0436\u0435\u043d\u0438\u044f \u0431\u0438\u0437\u043d\u0435\u0441\u0430 \u0432\u043e \u0424\u0440\u0430\u043d\u0446\u0438\u0438.","sameAs":["https:\/\/www.facebook.com\/OlgaRouzade","https:\/\/www.instagram.com\/olga.rouzade\/","https:\/\/www.linkedin.com\/in\/olga-rouzade\/","https:\/\/x.com\/https:\/\/twitter.com\/olgarouzade","https:\/\/www.youtube.com\/channel\/UCnq3HZMlA_z28sXegNED8kA"]}]}},"_links":{"self":[{"href":"https:\/\/rouzade.com\/fr\/wp-json\/wp\/v2\/pages\/1763","targetHints":{"allow":["GET"]}}],"collection":[{"href":"https:\/\/rouzade.com\/fr\/wp-json\/wp\/v2\/pages"}],"about":[{"href":"https:\/\/rouzade.com\/fr\/wp-json\/wp\/v2\/types\/page"}],"author":[{"embeddable":true,"href":"https:\/\/rouzade.com\/fr\/wp-json\/wp\/v2\/users\/1"}],"replies":[{"embeddable":true,"href":"https:\/\/rouzade.com\/fr\/wp-json\/wp\/v2\/comments?post=1763"}],"version-history":[{"count":0,"href":"https:\/\/rouzade.com\/fr\/wp-json\/wp\/v2\/pages\/1763\/revisions"}],"wp:attachment":[{"href":"https:\/\/rouzade.com\/fr\/wp-json\/wp\/v2\/media?parent=1763"}],"curies":[{"name":"wp","href":"https:\/\/api.w.org\/{rel}","templated":true}]}}