{"id":2289,"date":"2022-02-04T16:47:14","date_gmt":"2022-02-04T16:47:14","guid":{"rendered":"https:\/\/rouzade.com\/?page_id=2289"},"modified":"2022-02-04T16:47:14","modified_gmt":"2022-02-04T16:47:14","slug":"meroprijatie-v-associacii-dialogue-franco-russe-retraite-en-russie-et-en-france-analyse-comparative","status":"publish","type":"page","link":"https:\/\/rouzade.com\/fr\/meroprijatie-v-associacii-dialogue-franco-russe-retraite-en-russie-et-en-france-analyse-comparative\/","title":{"rendered":"Ev\u00e9nement \u00e0 l&#039;Association Dialogue Franco-Russe : Retraite en Russie et en France : analyse comparative"},"content":{"rendered":"<p><span class=\"\">Le mardi 25 janvier, j&#039;ai pris la parole lors d&#039;un \u00e9v\u00e9nement \u00e0 l&#039;Association <a href=\"https:\/\/www.facebook.com\/dialoguefrancorusse\">Dialogue franco-russe<\/a> avec pour th\u00e8me : Retraite en Russie et en France : analyse comparative.<\/span><\/p>\n<p>On parle tellement des retraites parce que l\u2019ancien syst\u00e8me de r\u00e9partition ne fonctionne plus et la situation ne fera qu\u2019empirer. Apr\u00e8s tout, la r\u00e9duction des revenus \u00e0 la retraite, c&#039;est d\u00e9j\u00e0 :<\/p>\n<ul>\n<li>en Russie \u2013 70%,<\/li>\n<li>en France - 50%.<\/li>\n<\/ul>\n<p>Car gr\u00e2ce \u00e0 l\u2019augmentation du niveau de vie et \u00e0 l\u2019am\u00e9lioration de la qualit\u00e9 des services m\u00e9dicaux, la population vieillit rapidement. R\u00e9sultat : il y a d\u00e9j\u00e0 1,5 salari\u00e9 cotisant pour 1 retrait\u00e9*. Et dans 20 ans, ils pr\u00e9disent \u2013 1,3.<\/p>\n<p>*selon l&#039;Insee (Institut national de la statistique et des \u00e9tudes \u00e9conomiques)<\/p>\n<p><a href=\"https:\/\/rouzade.com\/wp-content\/uploads\/2021\/11\/photo_2021-11-03_01-12-26.jpg\"><img loading=\"lazy\" decoding=\"async\" class=\"aligncenter size-full wp-image-1888\" src=\"https:\/\/rouzade.com\/wp-content\/uploads\/2021\/11\/photo_2021-11-03_01-12-26.jpg\" alt=\"PER \u043e\u0431\u043b\u043e\u0436\u043a\u0430\" width=\"940\" height=\"788\" srcset=\"https:\/\/rouzade.com\/wp-content\/uploads\/2021\/11\/photo_2021-11-03_01-12-26.jpg 940w, https:\/\/rouzade.com\/wp-content\/uploads\/2021\/11\/photo_2021-11-03_01-12-26-300x251.jpg 300w, https:\/\/rouzade.com\/wp-content\/uploads\/2021\/11\/photo_2021-11-03_01-12-26-768x644.jpg 768w, https:\/\/rouzade.com\/wp-content\/uploads\/2021\/11\/photo_2021-11-03_01-12-26-696x583.jpg 696w, https:\/\/rouzade.com\/wp-content\/uploads\/2021\/11\/photo_2021-11-03_01-12-26-501x420.jpg 501w\" sizes=\"auto, (max-width: 940px) 100vw, 940px\" \/><\/a><\/p>\n<p>Cela signifie que dans 20 \u00e0 30 ans, lorsque vous et moi prendrons notre retraite, ce ne sera m\u00eame pas 50% de revenus actuels, mais encore moins. Selon les statistiques, nous vivons en moyenne environ 20 ans \u00e0 la retraite. Et je pense que chacun de nous aimerait vivre cette partie de sa vie confortablement et sans avoir besoin de rien.<\/p>\n<p>Et je tiens \u00e0 vous faire plaisir qu&#039;il existe une solution qui vous permettra non seulement d&#039;augmenter votre future pension, mais aussi de r\u00e9duire les imp\u00f4ts gr\u00e2ce aux cotisations. Mais il est tr\u00e8s important de comprendre que plus vous commencez t\u00f4t vos investissements dans le futur, plus vos revenus futurs seront importants. Ne tardez pas jusqu&#039;\u00e0 ce qu&#039;il soit trop tard. En effet, si vous commencez \u00e0 \u00e9pargner pour votre retraite \u00e0 30 ans, votre capital peut \u00eatre multipli\u00e9 par 8.<\/p>\n<p>D\u00e9couvrez la solution qui augmentera votre rente et <a href=\"https:\/\/rouzade.com\/fr\/per\/\">Vous pouvez r\u00e9duire les imp\u00f4ts en cliquant sur le lien<\/a>.<\/p>\n<p>Vous pouvez faire une pr\u00e9sentation <a href=\"https:\/\/rouzade.com\/wp-content\/uploads\/2022\/02\/retraite-france-vs-russie-3.pdf\">t\u00e9l\u00e9charger \u00e0 partir du lien... <\/a><\/p>\n<p style=\"text-align: center;\"><a class=\"maxbutton-1 maxbutton maxbutton-zapisatsya-na-konsultaciyu\" target=\"_blank\" rel=\"noopener\" href=\"https:\/\/calendly.com\/olga-rouzade\/15-minut-k-business-mechte?utm_source=site&amp;utm_medium=MaxButtons&amp;utm_campaign=rdv-calendly\"><span class='mb-text'>Inscrivez-vous pour une consultation<\/span><\/a><\/p>\n<h2>Comment c&#039;\u00e9tait<\/h2>\n<p><iframe loading=\"lazy\" title=\"\u00c9v\u00e9nement : Retraite en Russie et en France : analyse comparative. Comment c&#039;\u00e9tait\" width=\"696\" height=\"392\" src=\"https:\/\/www.youtube.com\/embed\/pnwpNQol0us?feature=oembed\" frameborder=\"0\" allow=\"accelerometer; autoplay; clipboard-write; encrypted-media; gyroscope; picture-in-picture\" allowfullscreen><\/iframe><\/p>","protected":false},"excerpt":{"rendered":"<p>Le mardi 25 janvier, j&#039;ai pris la parole lors d&#039;un \u00e9v\u00e9nement organis\u00e9 par l&#039;Association Dialogue Franco-Russe sur le th\u00e8me\u00a0: Retraite en Russie et en France\u00a0: analyse comparative. On parle tant des retraites parce que l&#039;ancien syst\u00e8me de r\u00e9partition ne fonctionne plus et la situation ne fera qu&#039;empirer. Apr\u00e8s tout, la baisse des revenus des retraites est d\u00e9j\u00e0 de 70% en Russie, de 70% en France [\u2026]<\/p>","protected":false},"author":1,"featured_media":2293,"parent":0,"menu_order":0,"comment_status":"closed","ping_status":"closed","template":"","meta":{"_acf_changed":false,"content-type":"","footnotes":""},"class_list":["post-2289","page","type-page","status-publish","has-post-thumbnail"],"acf":[],"yoast_head":"<title>\u041c\u0435\u0440\u043e\u043f\u0440\u0438\u044f\u0442\u0438\u0435 \u0432 \u0410\u0441\u0441\u043e\u0446\u0438\u0430\u0446\u0438\u0438 Dialogue Franco-Russe: Retraite en Russie et en France: analyse comparative -<\/title>\n<meta name=\"robots\" content=\"index, follow, max-snippet:-1, max-image-preview:large, max-video-preview:-1\" \/>\n<link rel=\"canonical\" href=\"https:\/\/rouzade.com\/fr\/meroprijatie-v-associacii-dialogue-franco-russe-retraite-en-russie-et-en-france-analyse-comparative\/\" \/>\n<meta property=\"og:locale\" content=\"fr_FR\" \/>\n<meta property=\"og:type\" content=\"article\" \/>\n<meta property=\"og:title\" content=\"\u041c\u0435\u0440\u043e\u043f\u0440\u0438\u044f\u0442\u0438\u0435 \u0432 \u0410\u0441\u0441\u043e\u0446\u0438\u0430\u0446\u0438\u0438 Dialogue Franco-Russe: Retraite en Russie et en France: analyse comparative -\" \/>\n<meta property=\"og:description\" content=\"\u0412\u043e \u0432\u0442\u043e\u0440\u043d\u0438\u043a 25 \u044f\u043d\u0432\u0430\u0440\u044f \u044f \u0432\u044b\u0441\u0442\u0443\u043f\u0430\u043b\u0430 \u043d\u0430 \u043c\u0435\u0440\u043e\u043f\u0440\u0438\u044f\u0442\u0438\u0438 \u0432 \u0410\u0441\u0441\u043e\u0446\u0438\u0430\u0446\u0438\u0438 Dialogue Franco-Russe \u0441 \u0442\u0435\u043c\u043e\u0439: Retraite en Russie et en France: analyse comparative. \u0412\u043e\u043a\u0440\u0443\u0433 \u043f\u0435\u043d\u0441\u0438\u0438 \u0442\u0430\u043a \u043c\u043d\u043e\u0433\u043e \u0440\u0430\u0437\u0433\u043e\u0432\u043e\u0440\u043e\u0432, \u043f\u043e\u0442\u043e\u043c\u0443 \u0447\u0442\u043e \u0441\u0442\u0430\u0440\u0430\u044f \u0441\u0438\u0441\u0442\u0435\u043c\u0430 \u043f\u043e \u0440\u0430\u0441\u043f\u0440\u0435\u0434\u0435\u043b\u0435\u043d\u0438\u044e \u0443\u0436\u0435 \u043d\u0435 \u0440\u0430\u0431\u043e\u0442\u0430\u0435\u0442 \u0438 \u0441\u0438\u0442\u0443\u0430\u0446\u0438\u044f \u0431\u0443\u0434\u0435\u0442 \u0442\u043e\u043b\u044c\u043a\u043e \u0443\u0445\u0443\u0434\u0448\u0430\u0442\u044c\u0441\u044f. \u0412\u0435\u0434\u044c \u0443\u0436\u0435 \u0441\u0435\u0439\u0447\u0430\u0441 \u0441\u043d\u0438\u0436\u0435\u043d\u0438\u0435 \u0434\u043e\u0445\u043e\u0434\u0430 \u043d\u0430 \u043f\u0435\u043d\u0441\u0438\u0438 \u0441\u043e\u0441\u0442\u0430\u0432\u043b\u044f\u0435\u0442: \u0432 \u0420\u043e\u0441\u0441\u0438\u0438 \u2013 70%, \u0432\u043e \u0424\u0440\u0430\u043d\u0446\u0438\u0438 [&hellip;]\" \/>\n<meta property=\"og:url\" content=\"https:\/\/rouzade.com\/fr\/meroprijatie-v-associacii-dialogue-franco-russe-retraite-en-russie-et-en-france-analyse-comparative\/\" \/>\n<meta property=\"article:publisher\" content=\"https:\/\/www.facebook.com\/OlgaRouzade\" \/>\n<meta property=\"og:image\" content=\"https:\/\/rouzade.com\/wp-content\/uploads\/2022\/02\/youtube-olga-rouzade-axa-2-e1643993092798.png\" \/>\n\t<meta property=\"og:image:width\" content=\"600\" \/>\n\t<meta property=\"og:image:height\" content=\"338\" \/>\n\t<meta property=\"og:image:type\" content=\"image\/png\" \/>\n<meta name=\"twitter:card\" content=\"summary_large_image\" \/>\n<meta name=\"twitter:site\" content=\"@olgarouzade\" \/>\n<meta name=\"twitter:label1\" content=\"Dur\u00e9e de lecture estim\u00e9e\" \/>\n\t<meta name=\"twitter:data1\" content=\"2 minutes\" \/>","yoast_head_json":{"title":"\u041c\u0435\u0440\u043e\u043f\u0440\u0438\u044f\u0442\u0438\u0435 \u0432 \u0410\u0441\u0441\u043e\u0446\u0438\u0430\u0446\u0438\u0438 Dialogue Franco-Russe: Retraite en Russie et en France: analyse comparative -","robots":{"index":"index","follow":"follow","max-snippet":"max-snippet:-1","max-image-preview":"max-image-preview:large","max-video-preview":"max-video-preview:-1"},"canonical":"https:\/\/rouzade.com\/fr\/meroprijatie-v-associacii-dialogue-franco-russe-retraite-en-russie-et-en-france-analyse-comparative\/","og_locale":"fr_FR","og_type":"article","og_title":"\u041c\u0435\u0440\u043e\u043f\u0440\u0438\u044f\u0442\u0438\u0435 \u0432 \u0410\u0441\u0441\u043e\u0446\u0438\u0430\u0446\u0438\u0438 Dialogue Franco-Russe: Retraite en Russie et en France: analyse comparative -","og_description":"\u0412\u043e \u0432\u0442\u043e\u0440\u043d\u0438\u043a 25 \u044f\u043d\u0432\u0430\u0440\u044f \u044f \u0432\u044b\u0441\u0442\u0443\u043f\u0430\u043b\u0430 \u043d\u0430 \u043c\u0435\u0440\u043e\u043f\u0440\u0438\u044f\u0442\u0438\u0438 \u0432 \u0410\u0441\u0441\u043e\u0446\u0438\u0430\u0446\u0438\u0438 Dialogue Franco-Russe \u0441 \u0442\u0435\u043c\u043e\u0439: Retraite en Russie et en France: analyse comparative. \u0412\u043e\u043a\u0440\u0443\u0433 \u043f\u0435\u043d\u0441\u0438\u0438 \u0442\u0430\u043a \u043c\u043d\u043e\u0433\u043e \u0440\u0430\u0437\u0433\u043e\u0432\u043e\u0440\u043e\u0432, \u043f\u043e\u0442\u043e\u043c\u0443 \u0447\u0442\u043e \u0441\u0442\u0430\u0440\u0430\u044f \u0441\u0438\u0441\u0442\u0435\u043c\u0430 \u043f\u043e \u0440\u0430\u0441\u043f\u0440\u0435\u0434\u0435\u043b\u0435\u043d\u0438\u044e \u0443\u0436\u0435 \u043d\u0435 \u0440\u0430\u0431\u043e\u0442\u0430\u0435\u0442 \u0438 \u0441\u0438\u0442\u0443\u0430\u0446\u0438\u044f \u0431\u0443\u0434\u0435\u0442 \u0442\u043e\u043b\u044c\u043a\u043e \u0443\u0445\u0443\u0434\u0448\u0430\u0442\u044c\u0441\u044f. \u0412\u0435\u0434\u044c \u0443\u0436\u0435 \u0441\u0435\u0439\u0447\u0430\u0441 \u0441\u043d\u0438\u0436\u0435\u043d\u0438\u0435 \u0434\u043e\u0445\u043e\u0434\u0430 \u043d\u0430 \u043f\u0435\u043d\u0441\u0438\u0438 \u0441\u043e\u0441\u0442\u0430\u0432\u043b\u044f\u0435\u0442: \u0432 \u0420\u043e\u0441\u0441\u0438\u0438 \u2013 70%, \u0432\u043e \u0424\u0440\u0430\u043d\u0446\u0438\u0438 [&hellip;]","og_url":"https:\/\/rouzade.com\/fr\/meroprijatie-v-associacii-dialogue-franco-russe-retraite-en-russie-et-en-france-analyse-comparative\/","article_publisher":"https:\/\/www.facebook.com\/OlgaRouzade","og_image":[{"width":600,"height":338,"url":"https:\/\/rouzade.com\/wp-content\/uploads\/2022\/02\/youtube-olga-rouzade-axa-2-e1643993092798.png","type":"image\/png"}],"twitter_card":"summary_large_image","twitter_site":"@olgarouzade","twitter_misc":{"Dur\u00e9e de lecture estim\u00e9e":"2 minutes"},"schema":{"@context":"https:\/\/schema.org","@graph":[{"@type":"WebPage","@id":"https:\/\/rouzade.com\/meroprijatie-v-associacii-dialogue-franco-russe-retraite-en-russie-et-en-france-analyse-comparative\/","url":"https:\/\/rouzade.com\/meroprijatie-v-associacii-dialogue-franco-russe-retraite-en-russie-et-en-france-analyse-comparative\/","name":"\u041c\u0435\u0440\u043e\u043f\u0440\u0438\u044f\u0442\u0438\u0435 \u0432 \u0410\u0441\u0441\u043e\u0446\u0438\u0430\u0446\u0438\u0438 Dialogue Franco-Russe: Retraite en Russie et en France: analyse comparative -","isPartOf":{"@id":"https:\/\/rouzade.com\/#website"},"primaryImageOfPage":{"@id":"https:\/\/rouzade.com\/meroprijatie-v-associacii-dialogue-franco-russe-retraite-en-russie-et-en-france-analyse-comparative\/#primaryimage"},"image":{"@id":"https:\/\/rouzade.com\/meroprijatie-v-associacii-dialogue-franco-russe-retraite-en-russie-et-en-france-analyse-comparative\/#primaryimage"},"thumbnailUrl":"https:\/\/rouzade.com\/wp-content\/uploads\/2022\/02\/youtube-olga-rouzade-axa-2-e1643993092798.png","datePublished":"2022-02-04T16:47:14+00:00","breadcrumb":{"@id":"https:\/\/rouzade.com\/meroprijatie-v-associacii-dialogue-franco-russe-retraite-en-russie-et-en-france-analyse-comparative\/#breadcrumb"},"inLanguage":"fr-FR","potentialAction":[{"@type":"ReadAction","target":["https:\/\/rouzade.com\/meroprijatie-v-associacii-dialogue-franco-russe-retraite-en-russie-et-en-france-analyse-comparative\/"]}]},{"@type":"ImageObject","inLanguage":"fr-FR","@id":"https:\/\/rouzade.com\/meroprijatie-v-associacii-dialogue-franco-russe-retraite-en-russie-et-en-france-analyse-comparative\/#primaryimage","url":"https:\/\/rouzade.com\/wp-content\/uploads\/2022\/02\/youtube-olga-rouzade-axa-2-e1643993092798.png","contentUrl":"https:\/\/rouzade.com\/wp-content\/uploads\/2022\/02\/youtube-olga-rouzade-axa-2-e1643993092798.png","width":600,"height":338,"caption":"Cabinet Rouzade"},{"@type":"BreadcrumbList","@id":"https:\/\/rouzade.com\/meroprijatie-v-associacii-dialogue-franco-russe-retraite-en-russie-et-en-france-analyse-comparative\/#breadcrumb","itemListElement":[{"@type":"ListItem","position":1,"name":"\u0413\u043b\u0430\u0432\u043d\u0430\u044f \u0441\u0442\u0440\u0430\u043d\u0438\u0446\u0430","item":"https:\/\/rouzade.com\/"},{"@type":"ListItem","position":2,"name":"\u041c\u0435\u0440\u043e\u043f\u0440\u0438\u044f\u0442\u0438\u0435 \u0432 \u0410\u0441\u0441\u043e\u0446\u0438\u0430\u0446\u0438\u0438 Dialogue Franco-Russe: Retraite en Russie et en France: analyse comparative"}]},{"@type":"WebSite","@id":"https:\/\/rouzade.com\/#website","url":"https:\/\/rouzade.com\/","name":"","description":"","publisher":{"@id":"https:\/\/rouzade.com\/#\/schema\/person\/feb351bd99df599181072e5e3deb2142"},"potentialAction":[{"@type":"SearchAction","target":{"@type":"EntryPoint","urlTemplate":"https:\/\/rouzade.com\/?s={search_term_string}"},"query-input":{"@type":"PropertyValueSpecification","valueRequired":true,"valueName":"search_term_string"}}],"inLanguage":"fr-FR"},{"@type":["Person","Organization"],"@id":"https:\/\/rouzade.com\/#\/schema\/person\/feb351bd99df599181072e5e3deb2142","name":"Olga Rouzade","image":{"@type":"ImageObject","inLanguage":"fr-FR","@id":"https:\/\/rouzade.com\/#\/schema\/person\/image\/","url":"https:\/\/rouzade.com\/wp-content\/uploads\/2019\/07\/1.png","contentUrl":"https:\/\/rouzade.com\/wp-content\/uploads\/2019\/07\/1.png","width":500,"height":500,"caption":"Olga Rouzade"},"logo":{"@id":"https:\/\/rouzade.com\/#\/schema\/person\/image\/"},"description":"\u0421\u043e\u0432\u0435\u0442\u043d\u0438\u043a \u043f\u043e \u0441\u043e\u0437\u0434\u0430\u043d\u0438\u044e \u0438 \u043f\u0440\u043e\u0434\u0432\u0438\u0436\u0435\u043d\u0438\u044e \u0431\u0438\u0437\u043d\u0435\u0441\u0430 \u0438 \u043e\u0440\u0433\u0430\u043d\u0438\u0437\u0430\u0446\u0438\u0438 \u043b\u0438\u0447\u043d\u044b\u0445, \u0441\u0435\u043c\u0435\u0439\u043d\u044b\u0445 \u0444\u0438\u043d\u0430\u043d\u0441\u043e\u0432. \u041f\u043e\u043c\u043e\u0433\u0430\u044e \u0441\u043e\u0441\u0442\u0430\u0432\u0438\u0442\u044c \u043f\u0440\u043e\u0433\u0440\u0430\u043c\u043c\u0443 \u0440\u0435\u0448\u0435\u043d\u0438\u0439 \u0434\u043b\u044f \u0434\u043e\u0441\u0442\u0438\u0436\u0435\u043d\u0438\u044f \u0432\u0430\u0448\u0438\u0445 \u0444\u0438\u043d\u0430\u043d\u0441\u043e\u0432\u044b\u0445 \u0446\u0435\u043b\u0435\u0439 \u0441 \u0443\u0447\u0435\u0442\u043e\u043c \u043d\u0430\u043b\u043e\u0433\u043e\u0432\u043e\u0439 \u043e\u043f\u0442\u0438\u043c\u0438\u0437\u0430\u0446\u0438\u0438. \u041a\u043e\u043d\u0441\u0443\u043b\u044c\u0442\u0438\u0440\u0443\u044e \u043f\u043e \u0432\u043e\u043f\u0440\u043e\u0441\u0430\u043c \u0441\u043e\u0437\u0434\u0430\u043d\u0438\u044f \u0438 \u043f\u0440\u043e\u0434\u0432\u0438\u0436\u0435\u043d\u0438\u044f \u0431\u0438\u0437\u043d\u0435\u0441\u0430 \u0432\u043e \u0424\u0440\u0430\u043d\u0446\u0438\u0438.","sameAs":["https:\/\/www.facebook.com\/OlgaRouzade","https:\/\/www.instagram.com\/olga.rouzade\/","https:\/\/www.linkedin.com\/in\/olga-rouzade\/","https:\/\/x.com\/https:\/\/twitter.com\/olgarouzade","https:\/\/www.youtube.com\/channel\/UCnq3HZMlA_z28sXegNED8kA"]}]}},"_links":{"self":[{"href":"https:\/\/rouzade.com\/fr\/wp-json\/wp\/v2\/pages\/2289","targetHints":{"allow":["GET"]}}],"collection":[{"href":"https:\/\/rouzade.com\/fr\/wp-json\/wp\/v2\/pages"}],"about":[{"href":"https:\/\/rouzade.com\/fr\/wp-json\/wp\/v2\/types\/page"}],"author":[{"embeddable":true,"href":"https:\/\/rouzade.com\/fr\/wp-json\/wp\/v2\/users\/1"}],"replies":[{"embeddable":true,"href":"https:\/\/rouzade.com\/fr\/wp-json\/wp\/v2\/comments?post=2289"}],"version-history":[{"count":0,"href":"https:\/\/rouzade.com\/fr\/wp-json\/wp\/v2\/pages\/2289\/revisions"}],"wp:featuredmedia":[{"embeddable":true,"href":"https:\/\/rouzade.com\/fr\/wp-json\/wp\/v2\/media\/2293"}],"wp:attachment":[{"href":"https:\/\/rouzade.com\/fr\/wp-json\/wp\/v2\/media?parent=2289"}],"curies":[{"name":"wp","href":"https:\/\/api.w.org\/{rel}","templated":true}]}}