{"id":4649,"date":"2023-09-14T16:12:07","date_gmt":"2023-09-14T14:12:07","guid":{"rendered":"https:\/\/rouzade.com\/?page_id=4649"},"modified":"2025-11-29T16:57:43","modified_gmt":"2025-11-29T15:57:43","slug":"faq-otvety-na-chasto-zadavaemye-voprosy","status":"publish","type":"page","link":"https:\/\/rouzade.com\/fr\/faq-otvety-na-chasto-zadavaemye-voprosy\/","title":{"rendered":"FAQ r\u00e9ponses aux questions fr\u00e9quemment pos\u00e9es"},"content":{"rendered":"<style type=\"text\/css\"><\/style><section id='' \n                class='helpie-faq accordions faq-toggle open-first groupSettings-338__enabled' \n                data-collection='' \n                data-pagination='0' \n                data-search='0' \n                data-pagination-enabled='0'\n                role='region'\n                aria-label='Section FAQ'\n                aria-live='polite'><form class=\"search\" onsubmit=\"return false;\" action=\"\"><div class=\"search__wrapper\"><input type=\"text\" class=\"search__input\" aria-label=\"Recherche\" role=\"searchbox\" placeholder=\"FAQ de recherche\"><span class=\"search__icon\"><svg class=\"svg-icon--search\" role=\"img\" xmlns=\"http:\/\/www.w3.org\/2000\/svg\" viewbox=\"0 0 22 22\">\r\n                        <g fill=\"none\" stroke=\"#171717\">\r\n                            <path stroke-linecap=\"square\" stroke-width=\"2\" d=\"M18.5 18.3l-5.4-5.4\"\/>\r\n                            <circle cx=\"8\" cy=\"8\" r=\"7\" stroke-width=\"2\"\/>\r\n                        <\/g>\r\n                    <\/svg><\/span><\/div><div class=\"search__message\"><\/div><input type=\"hidden\" name=\"trp-form-language\" value=\"fr\"\/><\/form><article class=\"accordion\"><div class='helpie-faq-row'><div class='helpie-faq-col helpie-faq-col-12' ><ul><li class=\"accordion__item\"><div class=\"accordion__header\" \r\n                id=\"accordion-header-post-4648\"\r\n                role=\"button\"\r\n                aria-expanded=\"false\"\r\n                aria-controls=\"accordion-content-post-4648\"\r\n                data-id=\"post-4648\" \r\n                data-item=\"hfaq-post-4648\" \r\n                style=\"background:transparent;\" \r\n                data-tags=\"\"\r\n                tabindex=\"0\"><div class=\"accordion__title\">Combien co\u00fbte l\u2019accompagnement pour cr\u00e9er une entreprise en France ?<\/div><\/div><div id=\"accordion-content-post-4648\" \r\n                class=\"accordion__body\" \r\n                role=\"region\"\r\n                aria-labelledby=\"accordion-header-post-4648\"\r\n                style=\"background:transparent;\"><p>Le co\u00fbt peut varier en fonction du nombre de prestations suppl\u00e9mentaires et de la complexit\u00e9 de votre demande. Je vous sugg\u00e8re donc de vous inscrire <a href=\"https:\/\/rouzade.com\/fr\/contact\/\">consultation introductive via lien<\/a>\u00a0o\u00f9 nous discuterons de l&#039;\u00e9tape \u00e0 laquelle vous vous trouvez dans le processus de cr\u00e9ation d&#039;entreprise et de la mani\u00e8re dont je peux vous aider.<\/p>\n<\/div><\/li><li class=\"accordion__item\"><div class=\"accordion__header\" \r\n                id=\"accordion-header-post-4653\"\r\n                role=\"button\"\r\n                aria-expanded=\"false\"\r\n                aria-controls=\"accordion-content-post-4653\"\r\n                data-id=\"post-4653\" \r\n                data-item=\"hfaq-post-4653\" \r\n                style=\"background:transparent;\" \r\n                data-tags=\"\"\r\n                tabindex=\"0\"><div class=\"accordion__title\">Comment puis-je prendre rendez-vous avec vous pour une consultation ?<\/div><\/div><div id=\"accordion-content-post-4653\" \r\n                class=\"accordion__body\" \r\n                role=\"region\"\r\n                aria-labelledby=\"accordion-header-post-4653\"\r\n                style=\"background:transparent;\"><p>Pour vous inscrire <a href=\"https:\/\/rouzade.com\/fr\/contact\/\">La consultation est disponible via ce lien<\/a><\/p>\n<\/div><\/li><li class=\"accordion__item\"><div class=\"accordion__header\" \r\n                id=\"accordion-header-post-4655\"\r\n                role=\"button\"\r\n                aria-expanded=\"false\"\r\n                aria-controls=\"accordion-content-post-4655\"\r\n                data-id=\"post-4655\" \r\n                data-item=\"hfaq-post-4655\" \r\n                style=\"background:transparent;\" \r\n                data-tags=\"\"\r\n                tabindex=\"0\"><div class=\"accordion__title\">Combien co\u00fbtera l\u2019ouverture d\u2019Autoentreprise en France ?<\/div><\/div><div id=\"accordion-content-post-4655\" \r\n                class=\"accordion__body\" \r\n                role=\"region\"\r\n                aria-labelledby=\"accordion-header-post-4655\"\r\n                style=\"background:transparent;\"><p>Le co\u00fbt peut varier en fonction du nombre de prestations suppl\u00e9mentaires et de la complexit\u00e9 de votre demande. Il existe 3 tarifs : Start, Business et VIP. Vous trouverez des informations sur ce qui est inclus dans le forfait de services pour chaque tarif. <a href=\"https:\/\/rouzade.com\/fr\/creation-micro-entreprise\/\">sur la page en suivant le lien<\/a>.<\/p>\n<\/div><\/li><li class=\"accordion__item\"><div class=\"accordion__header\" \r\n                id=\"accordion-header-post-4666\"\r\n                role=\"button\"\r\n                aria-expanded=\"false\"\r\n                aria-controls=\"accordion-content-post-4666\"\r\n                data-id=\"post-4666\" \r\n                data-item=\"hfaq-post-4666\" \r\n                style=\"background:transparent;\" \r\n                data-tags=\"\"\r\n                tabindex=\"0\"><div class=\"accordion__title\">Comment un entrepreneur individuel peut-il b\u00e9n\u00e9ficier de d\u00e9ductions fiscales gr\u00e2ce \u00e0 des produits d&#039;assurance et financiers ?<\/div><\/div><div id=\"accordion-content-post-4666\" \r\n                class=\"accordion__body\" \r\n                role=\"region\"\r\n                aria-labelledby=\"accordion-header-post-4666\"\r\n                style=\"background:transparent;\"><p>Gr\u00e2ce \u00e0 l&#039;utilisation de produits d&#039;assurance pour un entrepreneur individuel, il est possible de r\u00e9duire les imp\u00f4ts sur les revenus IR et BNC\/BIC. Gr\u00e2ce \u00e0 mon aide, de nombreux clients ont \u00e9conomis\u00e9 des sommes importantes en imp\u00f4ts. En gros mes clients \u00e9conomisent entre 30% et 45% d&#039;imp\u00f4ts sur leurs cotisations aux placements de retraite (loi Fillon, loi Madelin). R\u00e9duire le revenu imposable gr\u00e2ce aux cotisations \u00e0 la Mutuelle et \u00e0 Pr\u00e9voyance (loi Madelin). Chaque situation n\u00e9cessite un diagnostic individuel, je vous invite donc \u00e0 prendre rendez-vous avec moi <a href=\"https:\/\/rouzade.com\/fr\/contact\/\">consultation d&#039;introduction<\/a>, o\u00f9 nous discuterons de votre projet et je vous proposerai les meilleures solutions individuelles.<\/p>\n<\/div><\/li><\/ul><\/div><\/div><\/article><\/section>","protected":false},"excerpt":{"rendered":"","protected":false},"author":1,"featured_media":0,"parent":0,"menu_order":0,"comment_status":"closed","ping_status":"closed","template":"","meta":{"_acf_changed":false,"content-type":"","footnotes":""},"class_list":["post-4649","page","type-page","status-publish"],"acf":[],"yoast_head":"<title>FAQ \u043f\u043e \u0431\u0438\u0437\u043d\u0435\u0441\u0443 \u0432\u043e \u0424\u0440\u0430\u043d\u0446\u0438\u0438 \u2014 Cabinet Rouzade<\/title>\n<meta name=\"description\" content=\"\u0427\u0430\u0441\u0442\u043e \u0437\u0430\u0434\u0430\u0432\u0430\u0435\u043c\u044b\u0435 \u0432\u043e\u043f\u0440\u043e\u0441\u044b \u0438 \u043e\u0442\u0432\u0435\u0442\u044b: \u043e \u0444\u043e\u0440\u043c\u0430\u0445 \u0431\u0438\u0437\u043d\u0435\u0441\u0430, \u0440\u0435\u0433\u0438\u0441\u0442\u0440\u0430\u0446\u0438\u0438, \u043d\u0430\u043b\u043e\u0433\u0430\u0445 \u0438 \u0436\u0438\u0437\u043d\u0438 \u0432\u043e \u0424\u0440\u0430\u043d\u0446\u0438\u0438 \u0434\u043b\u044f \u043f\u0440\u0435\u0434\u043f\u0440\u0438\u043d\u0438\u043c\u0430\u0442\u0435\u043b\u0435\u0439.\" \/>\n<meta name=\"robots\" content=\"index, follow, max-snippet:-1, max-image-preview:large, max-video-preview:-1\" \/>\n<link rel=\"canonical\" href=\"https:\/\/rouzade.com\/fr\/faq-otvety-na-chasto-zadavaemye-voprosy\/\" \/>\n<meta property=\"og:locale\" content=\"fr_FR\" \/>\n<meta property=\"og:type\" content=\"article\" \/>\n<meta property=\"og:title\" content=\"FAQ \u043f\u043e \u0431\u0438\u0437\u043d\u0435\u0441\u0443 \u0432\u043e \u0424\u0440\u0430\u043d\u0446\u0438\u0438 \u2014 Cabinet Rouzade\" \/>\n<meta property=\"og:description\" content=\"\u0427\u0430\u0441\u0442\u043e \u0437\u0430\u0434\u0430\u0432\u0430\u0435\u043c\u044b\u0435 \u0432\u043e\u043f\u0440\u043e\u0441\u044b \u0438 \u043e\u0442\u0432\u0435\u0442\u044b: \u043e \u0444\u043e\u0440\u043c\u0430\u0445 \u0431\u0438\u0437\u043d\u0435\u0441\u0430, \u0440\u0435\u0433\u0438\u0441\u0442\u0440\u0430\u0446\u0438\u0438, \u043d\u0430\u043b\u043e\u0433\u0430\u0445 \u0438 \u0436\u0438\u0437\u043d\u0438 \u0432\u043e \u0424\u0440\u0430\u043d\u0446\u0438\u0438 \u0434\u043b\u044f \u043f\u0440\u0435\u0434\u043f\u0440\u0438\u043d\u0438\u043c\u0430\u0442\u0435\u043b\u0435\u0439.\" \/>\n<meta property=\"og:url\" content=\"https:\/\/rouzade.com\/fr\/faq-otvety-na-chasto-zadavaemye-voprosy\/\" \/>\n<meta property=\"article:publisher\" content=\"https:\/\/www.facebook.com\/OlgaRouzade\" \/>\n<meta property=\"article:modified_time\" content=\"2025-11-29T15:57:43+00:00\" \/>\n<meta name=\"twitter:card\" content=\"summary_large_image\" \/>\n<meta name=\"twitter:site\" content=\"@olgarouzade\" \/>\n<meta name=\"twitter:label1\" content=\"Dur\u00e9e de lecture estim\u00e9e\" \/>\n\t<meta name=\"twitter:data1\" content=\"1 minute\" \/>","yoast_head_json":{"title":"FAQ \u043f\u043e \u0431\u0438\u0437\u043d\u0435\u0441\u0443 \u0432\u043e \u0424\u0440\u0430\u043d\u0446\u0438\u0438 \u2014 Cabinet Rouzade","description":"\u0427\u0430\u0441\u0442\u043e \u0437\u0430\u0434\u0430\u0432\u0430\u0435\u043c\u044b\u0435 \u0432\u043e\u043f\u0440\u043e\u0441\u044b \u0438 \u043e\u0442\u0432\u0435\u0442\u044b: \u043e \u0444\u043e\u0440\u043c\u0430\u0445 \u0431\u0438\u0437\u043d\u0435\u0441\u0430, \u0440\u0435\u0433\u0438\u0441\u0442\u0440\u0430\u0446\u0438\u0438, \u043d\u0430\u043b\u043e\u0433\u0430\u0445 \u0438 \u0436\u0438\u0437\u043d\u0438 \u0432\u043e \u0424\u0440\u0430\u043d\u0446\u0438\u0438 \u0434\u043b\u044f \u043f\u0440\u0435\u0434\u043f\u0440\u0438\u043d\u0438\u043c\u0430\u0442\u0435\u043b\u0435\u0439.","robots":{"index":"index","follow":"follow","max-snippet":"max-snippet:-1","max-image-preview":"max-image-preview:large","max-video-preview":"max-video-preview:-1"},"canonical":"https:\/\/rouzade.com\/fr\/faq-otvety-na-chasto-zadavaemye-voprosy\/","og_locale":"fr_FR","og_type":"article","og_title":"FAQ \u043f\u043e \u0431\u0438\u0437\u043d\u0435\u0441\u0443 \u0432\u043e \u0424\u0440\u0430\u043d\u0446\u0438\u0438 \u2014 Cabinet Rouzade","og_description":"\u0427\u0430\u0441\u0442\u043e \u0437\u0430\u0434\u0430\u0432\u0430\u0435\u043c\u044b\u0435 \u0432\u043e\u043f\u0440\u043e\u0441\u044b \u0438 \u043e\u0442\u0432\u0435\u0442\u044b: \u043e \u0444\u043e\u0440\u043c\u0430\u0445 \u0431\u0438\u0437\u043d\u0435\u0441\u0430, \u0440\u0435\u0433\u0438\u0441\u0442\u0440\u0430\u0446\u0438\u0438, \u043d\u0430\u043b\u043e\u0433\u0430\u0445 \u0438 \u0436\u0438\u0437\u043d\u0438 \u0432\u043e \u0424\u0440\u0430\u043d\u0446\u0438\u0438 \u0434\u043b\u044f \u043f\u0440\u0435\u0434\u043f\u0440\u0438\u043d\u0438\u043c\u0430\u0442\u0435\u043b\u0435\u0439.","og_url":"https:\/\/rouzade.com\/fr\/faq-otvety-na-chasto-zadavaemye-voprosy\/","article_publisher":"https:\/\/www.facebook.com\/OlgaRouzade","article_modified_time":"2025-11-29T15:57:43+00:00","twitter_card":"summary_large_image","twitter_site":"@olgarouzade","twitter_misc":{"Dur\u00e9e de lecture estim\u00e9e":"1 minute"},"schema":{"@context":"https:\/\/schema.org","@graph":[{"@type":"WebPage","@id":"https:\/\/rouzade.com\/faq-otvety-na-chasto-zadavaemye-voprosy\/","url":"https:\/\/rouzade.com\/faq-otvety-na-chasto-zadavaemye-voprosy\/","name":"FAQ \u043f\u043e \u0431\u0438\u0437\u043d\u0435\u0441\u0443 \u0432\u043e \u0424\u0440\u0430\u043d\u0446\u0438\u0438 \u2014 Cabinet Rouzade","isPartOf":{"@id":"https:\/\/rouzade.com\/#website"},"datePublished":"2023-09-14T14:12:07+00:00","dateModified":"2025-11-29T15:57:43+00:00","description":"\u0427\u0430\u0441\u0442\u043e \u0437\u0430\u0434\u0430\u0432\u0430\u0435\u043c\u044b\u0435 \u0432\u043e\u043f\u0440\u043e\u0441\u044b \u0438 \u043e\u0442\u0432\u0435\u0442\u044b: \u043e \u0444\u043e\u0440\u043c\u0430\u0445 \u0431\u0438\u0437\u043d\u0435\u0441\u0430, \u0440\u0435\u0433\u0438\u0441\u0442\u0440\u0430\u0446\u0438\u0438, \u043d\u0430\u043b\u043e\u0433\u0430\u0445 \u0438 \u0436\u0438\u0437\u043d\u0438 \u0432\u043e \u0424\u0440\u0430\u043d\u0446\u0438\u0438 \u0434\u043b\u044f \u043f\u0440\u0435\u0434\u043f\u0440\u0438\u043d\u0438\u043c\u0430\u0442\u0435\u043b\u0435\u0439.","breadcrumb":{"@id":"https:\/\/rouzade.com\/faq-otvety-na-chasto-zadavaemye-voprosy\/#breadcrumb"},"inLanguage":"fr-FR","potentialAction":[{"@type":"ReadAction","target":["https:\/\/rouzade.com\/faq-otvety-na-chasto-zadavaemye-voprosy\/"]}]},{"@type":"BreadcrumbList","@id":"https:\/\/rouzade.com\/faq-otvety-na-chasto-zadavaemye-voprosy\/#breadcrumb","itemListElement":[{"@type":"ListItem","position":1,"name":"\u0413\u043b\u0430\u0432\u043d\u0430\u044f \u0441\u0442\u0440\u0430\u043d\u0438\u0446\u0430","item":"https:\/\/rouzade.com\/"},{"@type":"ListItem","position":2,"name":"FAQ \u043e\u0442\u0432\u0435\u0442\u044b \u043d\u0430 \u0447\u0430\u0441\u0442\u043e \u0437\u0430\u0434\u0430\u0432\u0430\u0435\u043c\u044b\u0435 \u0432\u043e\u043f\u0440\u043e\u0441\u044b"}]},{"@type":"WebSite","@id":"https:\/\/rouzade.com\/#website","url":"https:\/\/rouzade.com\/","name":"","description":"","publisher":{"@id":"https:\/\/rouzade.com\/#\/schema\/person\/feb351bd99df599181072e5e3deb2142"},"potentialAction":[{"@type":"SearchAction","target":{"@type":"EntryPoint","urlTemplate":"https:\/\/rouzade.com\/?s={search_term_string}"},"query-input":{"@type":"PropertyValueSpecification","valueRequired":true,"valueName":"search_term_string"}}],"inLanguage":"fr-FR"},{"@type":["Person","Organization"],"@id":"https:\/\/rouzade.com\/#\/schema\/person\/feb351bd99df599181072e5e3deb2142","name":"Olga Rouzade","image":{"@type":"ImageObject","inLanguage":"fr-FR","@id":"https:\/\/rouzade.com\/wp-content\/uploads\/2019\/07\/1.png","url":"https:\/\/rouzade.com\/wp-content\/uploads\/2019\/07\/1.png","contentUrl":"https:\/\/rouzade.com\/wp-content\/uploads\/2019\/07\/1.png","width":500,"height":500,"caption":"Olga Rouzade"},"logo":{"@id":"https:\/\/rouzade.com\/wp-content\/uploads\/2019\/07\/1.png"},"description":"\u0421\u043e\u0432\u0435\u0442\u043d\u0438\u043a \u043f\u043e \u0441\u043e\u0437\u0434\u0430\u043d\u0438\u044e \u0438 \u043f\u0440\u043e\u0434\u0432\u0438\u0436\u0435\u043d\u0438\u044e \u0431\u0438\u0437\u043d\u0435\u0441\u0430 \u0438 \u043e\u0440\u0433\u0430\u043d\u0438\u0437\u0430\u0446\u0438\u0438 \u043b\u0438\u0447\u043d\u044b\u0445, \u0441\u0435\u043c\u0435\u0439\u043d\u044b\u0445 \u0444\u0438\u043d\u0430\u043d\u0441\u043e\u0432. \u041f\u043e\u043c\u043e\u0433\u0430\u044e \u0441\u043e\u0441\u0442\u0430\u0432\u0438\u0442\u044c \u043f\u0440\u043e\u0433\u0440\u0430\u043c\u043c\u0443 \u0440\u0435\u0448\u0435\u043d\u0438\u0439 \u0434\u043b\u044f \u0434\u043e\u0441\u0442\u0438\u0436\u0435\u043d\u0438\u044f \u0432\u0430\u0448\u0438\u0445 \u0444\u0438\u043d\u0430\u043d\u0441\u043e\u0432\u044b\u0445 \u0446\u0435\u043b\u0435\u0439 \u0441 \u0443\u0447\u0435\u0442\u043e\u043c \u043d\u0430\u043b\u043e\u0433\u043e\u0432\u043e\u0439 \u043e\u043f\u0442\u0438\u043c\u0438\u0437\u0430\u0446\u0438\u0438. \u041a\u043e\u043d\u0441\u0443\u043b\u044c\u0442\u0438\u0440\u0443\u044e \u043f\u043e \u0432\u043e\u043f\u0440\u043e\u0441\u0430\u043c \u0441\u043e\u0437\u0434\u0430\u043d\u0438\u044f \u0438 \u043f\u0440\u043e\u0434\u0432\u0438\u0436\u0435\u043d\u0438\u044f \u0431\u0438\u0437\u043d\u0435\u0441\u0430 \u0432\u043e \u0424\u0440\u0430\u043d\u0446\u0438\u0438.","sameAs":["https:\/\/www.facebook.com\/OlgaRouzade","https:\/\/www.instagram.com\/olga.rouzade\/","https:\/\/www.linkedin.com\/in\/olga-rouzade\/","https:\/\/x.com\/https:\/\/twitter.com\/olgarouzade","https:\/\/www.youtube.com\/channel\/UCnq3HZMlA_z28sXegNED8kA"]}]}},"_links":{"self":[{"href":"https:\/\/rouzade.com\/fr\/wp-json\/wp\/v2\/pages\/4649","targetHints":{"allow":["GET"]}}],"collection":[{"href":"https:\/\/rouzade.com\/fr\/wp-json\/wp\/v2\/pages"}],"about":[{"href":"https:\/\/rouzade.com\/fr\/wp-json\/wp\/v2\/types\/page"}],"author":[{"embeddable":true,"href":"https:\/\/rouzade.com\/fr\/wp-json\/wp\/v2\/users\/1"}],"replies":[{"embeddable":true,"href":"https:\/\/rouzade.com\/fr\/wp-json\/wp\/v2\/comments?post=4649"}],"version-history":[{"count":4,"href":"https:\/\/rouzade.com\/fr\/wp-json\/wp\/v2\/pages\/4649\/revisions"}],"predecessor-version":[{"id":5872,"href":"https:\/\/rouzade.com\/fr\/wp-json\/wp\/v2\/pages\/4649\/revisions\/5872"}],"wp:attachment":[{"href":"https:\/\/rouzade.com\/fr\/wp-json\/wp\/v2\/media?parent=4649"}],"curies":[{"name":"wp","href":"https:\/\/api.w.org\/{rel}","templated":true}]}}