{"id":4927,"date":"2023-12-08T08:35:39","date_gmt":"2023-12-08T07:35:39","guid":{"rendered":"https:\/\/rouzade.com\/?page_id=4927"},"modified":"2025-11-29T15:53:09","modified_gmt":"2025-11-29T14:53:09","slug":"mentions-legales-2","status":"publish","type":"page","link":"https:\/\/rouzade.com\/fr\/mentions-legales-2\/","title":{"rendered":"MENTIONS L\u00c9GALES"},"content":{"rendered":"<p>Conform\u00e9ment aux dispositions de la loi n\u00b0 2004-575 du 21 juin 2004 pour la confiance en l'\u00e9conomie num\u00e9rique, il est pr\u00e9cis\u00e9 aux utilisateurs du site rouzade.com l'identit\u00e9 des diff\u00e9rents intervenants dans le cadre de sa r\u00e9alisation et de son suivi.<\/p>\n<h2>Edition du site<\/h2>\n<p>Le pr\u00e9sent site, accessible \u00e0 l\u2019URL https:\/\/rouzade.com\/ (le \u00ab Site \u00bb), est \u00e9dit\u00e9 par : EI Olga Rouzade, SIRET 88810284500029, N\u00b0 ORIAS : 20004853 \u00a0 www.orias.fr\nr\u00e9sidant 13 bis Avenue de la Motte Picquet 75007 Paris, de nationalit\u00e9 Fran\u00e7aise (France).<\/p>\n<p>Immatricul\u00e9e au 13 bis Avenue de la Motte Picquet 75007 Paris, nationalit\u00e9 fran\u00e7aise (France).<\/p>\n<h2>H\u00e9bergement<\/h2>\n<p>Le site est h\u00e9berg\u00e9 par la soci\u00e9t\u00e9 OVH SAS, situ\u00e9e 2 RUE KELLERMANN, 59100 ROUBAIX, <a href=\"https:\/\/www.ovhcloud.com\/fr\/lp\/request-ovhcloud-registered-domain\/?_gl=1*jhu1tw*_gcl_au*MjA0NDQwODU5OC4xNzE2MjI1NjA0Ljk4NTE2NTczMi4xNzE2MjM0MzkxLjE3MTYyMzQzOTE.\">formulaire de contact<\/a><\/p>\n<h2>Directeur de publication<\/h2>\n<p>Directrice des publications du site \u2013 Olga ROUZADE.<\/p>\n<h2>Nous contacter<\/h2>\n<p>Par t\u00e9l\u00e9phone : +33749859516.<br \/>\nPar email : cabinet@rouzade.com.<br \/>\nPar courrier : 13 bis Avenue de la Motte Picquet 75007 Paris.<\/p>\n<h2>Donn\u00e9es personnelles<\/h2>\n<p>Le traitement de vos donn\u00e9es \u00e0 caract\u00e8re personnel est r\u00e9gi par notre Charte du respect de la vie priv\u00e9e, disponible depuis la section <a href=\"https:\/\/rouzade.com\/fr\/politique-de-confidentialite\/\">Politique de Confidentialit\u00e9<\/a>, conform\u00e9ment au R\u00e8glement G\u00e9n\u00e9ral sur la Protection des Donn\u00e9es 2016\/679 du 27 avril 2016 (\u00ab RGPD \u00bb).<\/p>","protected":false},"excerpt":{"rendered":"<p>Conform\u00e9ment aux dispositions de la loi n\u00b0 2004-575 du 21 juin 2004 pour la confiance dans l&#039;\u00e9conomie num\u00e9rique, les utilisateurs du site rouzade.com sont inform\u00e9s des diff\u00e9rents intervenants dans le cadre de sa cr\u00e9ation et de son suivi. \u00c9dition du site Ce site, accessible \u00e0 l&#039;URL https:\/\/rouzade.com\/ (\u00ab Site \u00bb), \u00e9dit\u00e9 par : EI Cabinet Rouzade Olga, SIRET 88810284500029, ORIAS N\u00b0 : 20004853 www.orias.fr Inscrit au 13 bis [ \u2026]<\/p>","protected":false},"author":1,"featured_media":0,"parent":0,"menu_order":0,"comment_status":"closed","ping_status":"closed","template":"","meta":{"_acf_changed":false,"content-type":"","footnotes":""},"class_list":["post-4927","page","type-page","status-publish"],"acf":[],"yoast_head":"<title>\u041f\u0440\u0430\u0432\u043e\u0432\u0430\u044f \u0438\u043d\u0444\u043e\u0440\u043c\u0430\u0446\u0438\u044f -<\/title>\n<meta name=\"robots\" content=\"noindex, follow\" \/>\n<meta property=\"og:locale\" content=\"fr_FR\" \/>\n<meta property=\"og:type\" content=\"article\" \/>\n<meta property=\"og:title\" content=\"\u041f\u0440\u0430\u0432\u043e\u0432\u0430\u044f \u0438\u043d\u0444\u043e\u0440\u043c\u0430\u0446\u0438\u044f -\" \/>\n<meta property=\"og:description\" content=\"\u0412 \u0441\u043e\u043e\u0442\u0432\u0435\u0442\u0441\u0442\u0432\u0438\u0438 \u0441 \u043f\u043e\u043b\u043e\u0436\u0435\u043d\u0438\u044f\u043c\u0438 \u0417\u0430\u043a\u043e\u043d\u0430 \u2116 2004-575 \u043e\u0442 21 \u0438\u044e\u043d\u044f 2004 \u0433\u043e\u0434\u0430 \u043e \u0434\u043e\u0432\u0435\u0440\u0438\u0438 \u0432 \u0446\u0438\u0444\u0440\u043e\u0432\u043e\u0439 \u044d\u043a\u043e\u043d\u043e\u043c\u0438\u043a\u0435, \u043f\u043e\u043b\u044c\u0437\u043e\u0432\u0430\u0442\u0435\u043b\u0438 \u0441\u0430\u0439\u0442\u0430 rouzade.com \u0438\u043d\u0444\u043e\u0440\u043c\u0438\u0440\u0443\u044e\u0442\u0441\u044f \u043e \u0440\u0430\u0437\u043b\u0438\u0447\u043d\u044b\u0445 \u0441\u0442\u043e\u0440\u043e\u043d\u0430\u0445, \u0443\u0447\u0430\u0441\u0442\u0432\u0443\u044e\u0449\u0438\u0445 \u0432 \u0435\u0433\u043e \u0441\u043e\u0437\u0434\u0430\u043d\u0438\u0438 \u0438 \u043c\u043e\u043d\u0438\u0442\u043e\u0440\u0438\u043d\u0433\u0435. \u0420\u0435\u0434\u0430\u043a\u0442\u0438\u0440\u043e\u0432\u0430\u043d\u0438\u0435 \u0441\u0430\u0439\u0442\u0430 \u042d\u0442\u043e\u0442 \u0441\u0430\u0439\u0442, \u0434\u043e\u0441\u0442\u0443\u043f\u043d\u044b\u0439 \u043f\u043e URL-\u0430\u0434\u0440\u0435\u0441\u0443 https:\/\/rouzade.com\/ (\u00ab\u0421\u0430\u0439\u0442\u00bb), \u043e\u043f\u0443\u0431\u043b\u0438\u043a\u043e\u0432\u0430\u043d: EI Cabinet Rouzade Olga, SIRET 88810284500029, ORIAS N\u00b0: 20004853 www.orias.fr \u0417\u0430\u0440\u0435\u0433\u0438\u0441\u0442\u0440\u0438\u0440\u043e\u0432\u0430\u043d \u043f\u043e \u0430\u0434\u0440\u0435\u0441\u0443 13 bis [&hellip;]\" \/>\n<meta property=\"og:url\" content=\"https:\/\/rouzade.com\/fr\/mentions-legales-2\/\" \/>\n<meta property=\"article:publisher\" content=\"https:\/\/www.facebook.com\/OlgaRouzade\" \/>\n<meta property=\"article:modified_time\" content=\"2025-11-29T14:53:09+00:00\" \/>\n<meta name=\"twitter:card\" content=\"summary_large_image\" \/>\n<meta name=\"twitter:site\" content=\"@olgarouzade\" \/>\n<meta name=\"twitter:label1\" content=\"Dur\u00e9e de lecture estim\u00e9e\" \/>\n\t<meta name=\"twitter:data1\" content=\"1 minute\" \/>","yoast_head_json":{"title":"\u041f\u0440\u0430\u0432\u043e\u0432\u0430\u044f \u0438\u043d\u0444\u043e\u0440\u043c\u0430\u0446\u0438\u044f -","robots":{"index":"noindex","follow":"follow"},"og_locale":"fr_FR","og_type":"article","og_title":"\u041f\u0440\u0430\u0432\u043e\u0432\u0430\u044f \u0438\u043d\u0444\u043e\u0440\u043c\u0430\u0446\u0438\u044f -","og_description":"\u0412 \u0441\u043e\u043e\u0442\u0432\u0435\u0442\u0441\u0442\u0432\u0438\u0438 \u0441 \u043f\u043e\u043b\u043e\u0436\u0435\u043d\u0438\u044f\u043c\u0438 \u0417\u0430\u043a\u043e\u043d\u0430 \u2116 2004-575 \u043e\u0442 21 \u0438\u044e\u043d\u044f 2004 \u0433\u043e\u0434\u0430 \u043e \u0434\u043e\u0432\u0435\u0440\u0438\u0438 \u0432 \u0446\u0438\u0444\u0440\u043e\u0432\u043e\u0439 \u044d\u043a\u043e\u043d\u043e\u043c\u0438\u043a\u0435, \u043f\u043e\u043b\u044c\u0437\u043e\u0432\u0430\u0442\u0435\u043b\u0438 \u0441\u0430\u0439\u0442\u0430 rouzade.com \u0438\u043d\u0444\u043e\u0440\u043c\u0438\u0440\u0443\u044e\u0442\u0441\u044f \u043e \u0440\u0430\u0437\u043b\u0438\u0447\u043d\u044b\u0445 \u0441\u0442\u043e\u0440\u043e\u043d\u0430\u0445, \u0443\u0447\u0430\u0441\u0442\u0432\u0443\u044e\u0449\u0438\u0445 \u0432 \u0435\u0433\u043e \u0441\u043e\u0437\u0434\u0430\u043d\u0438\u0438 \u0438 \u043c\u043e\u043d\u0438\u0442\u043e\u0440\u0438\u043d\u0433\u0435. \u0420\u0435\u0434\u0430\u043a\u0442\u0438\u0440\u043e\u0432\u0430\u043d\u0438\u0435 \u0441\u0430\u0439\u0442\u0430 \u042d\u0442\u043e\u0442 \u0441\u0430\u0439\u0442, \u0434\u043e\u0441\u0442\u0443\u043f\u043d\u044b\u0439 \u043f\u043e URL-\u0430\u0434\u0440\u0435\u0441\u0443 https:\/\/rouzade.com\/ (\u00ab\u0421\u0430\u0439\u0442\u00bb), \u043e\u043f\u0443\u0431\u043b\u0438\u043a\u043e\u0432\u0430\u043d: EI Cabinet Rouzade Olga, SIRET 88810284500029, ORIAS N\u00b0: 20004853 www.orias.fr \u0417\u0430\u0440\u0435\u0433\u0438\u0441\u0442\u0440\u0438\u0440\u043e\u0432\u0430\u043d \u043f\u043e \u0430\u0434\u0440\u0435\u0441\u0443 13 bis [&hellip;]","og_url":"https:\/\/rouzade.com\/fr\/mentions-legales-2\/","article_publisher":"https:\/\/www.facebook.com\/OlgaRouzade","article_modified_time":"2025-11-29T14:53:09+00:00","twitter_card":"summary_large_image","twitter_site":"@olgarouzade","twitter_misc":{"Dur\u00e9e de lecture estim\u00e9e":"1 minute"},"schema":{"@context":"https:\/\/schema.org","@graph":[{"@type":"WebPage","@id":"https:\/\/rouzade.com\/mentions-legales-2\/","url":"https:\/\/rouzade.com\/mentions-legales-2\/","name":"\u041f\u0440\u0430\u0432\u043e\u0432\u0430\u044f \u0438\u043d\u0444\u043e\u0440\u043c\u0430\u0446\u0438\u044f -","isPartOf":{"@id":"https:\/\/rouzade.com\/#website"},"datePublished":"2023-12-08T07:35:39+00:00","dateModified":"2025-11-29T14:53:09+00:00","breadcrumb":{"@id":"https:\/\/rouzade.com\/mentions-legales-2\/#breadcrumb"},"inLanguage":"fr-FR","potentialAction":[{"@type":"ReadAction","target":["https:\/\/rouzade.com\/mentions-legales-2\/"]}]},{"@type":"BreadcrumbList","@id":"https:\/\/rouzade.com\/mentions-legales-2\/#breadcrumb","itemListElement":[{"@type":"ListItem","position":1,"name":"\u0413\u043b\u0430\u0432\u043d\u0430\u044f \u0441\u0442\u0440\u0430\u043d\u0438\u0446\u0430","item":"https:\/\/rouzade.com\/"},{"@type":"ListItem","position":2,"name":"\u041f\u0440\u0430\u0432\u043e\u0432\u0430\u044f \u0438\u043d\u0444\u043e\u0440\u043c\u0430\u0446\u0438\u044f"}]},{"@type":"WebSite","@id":"https:\/\/rouzade.com\/#website","url":"https:\/\/rouzade.com\/","name":"","description":"","publisher":{"@id":"https:\/\/rouzade.com\/#\/schema\/person\/feb351bd99df599181072e5e3deb2142"},"potentialAction":[{"@type":"SearchAction","target":{"@type":"EntryPoint","urlTemplate":"https:\/\/rouzade.com\/?s={search_term_string}"},"query-input":{"@type":"PropertyValueSpecification","valueRequired":true,"valueName":"search_term_string"}}],"inLanguage":"fr-FR"},{"@type":["Person","Organization"],"@id":"https:\/\/rouzade.com\/#\/schema\/person\/feb351bd99df599181072e5e3deb2142","name":"Olga Rouzade","image":{"@type":"ImageObject","inLanguage":"fr-FR","@id":"https:\/\/rouzade.com\/wp-content\/uploads\/2019\/07\/1.png","url":"https:\/\/rouzade.com\/wp-content\/uploads\/2019\/07\/1.png","contentUrl":"https:\/\/rouzade.com\/wp-content\/uploads\/2019\/07\/1.png","width":500,"height":500,"caption":"Olga Rouzade"},"logo":{"@id":"https:\/\/rouzade.com\/wp-content\/uploads\/2019\/07\/1.png"},"description":"\u0421\u043e\u0432\u0435\u0442\u043d\u0438\u043a \u043f\u043e \u0441\u043e\u0437\u0434\u0430\u043d\u0438\u044e \u0438 \u043f\u0440\u043e\u0434\u0432\u0438\u0436\u0435\u043d\u0438\u044e \u0431\u0438\u0437\u043d\u0435\u0441\u0430 \u0438 \u043e\u0440\u0433\u0430\u043d\u0438\u0437\u0430\u0446\u0438\u0438 \u043b\u0438\u0447\u043d\u044b\u0445, \u0441\u0435\u043c\u0435\u0439\u043d\u044b\u0445 \u0444\u0438\u043d\u0430\u043d\u0441\u043e\u0432. \u041f\u043e\u043c\u043e\u0433\u0430\u044e \u0441\u043e\u0441\u0442\u0430\u0432\u0438\u0442\u044c \u043f\u0440\u043e\u0433\u0440\u0430\u043c\u043c\u0443 \u0440\u0435\u0448\u0435\u043d\u0438\u0439 \u0434\u043b\u044f \u0434\u043e\u0441\u0442\u0438\u0436\u0435\u043d\u0438\u044f \u0432\u0430\u0448\u0438\u0445 \u0444\u0438\u043d\u0430\u043d\u0441\u043e\u0432\u044b\u0445 \u0446\u0435\u043b\u0435\u0439 \u0441 \u0443\u0447\u0435\u0442\u043e\u043c \u043d\u0430\u043b\u043e\u0433\u043e\u0432\u043e\u0439 \u043e\u043f\u0442\u0438\u043c\u0438\u0437\u0430\u0446\u0438\u0438. \u041a\u043e\u043d\u0441\u0443\u043b\u044c\u0442\u0438\u0440\u0443\u044e \u043f\u043e \u0432\u043e\u043f\u0440\u043e\u0441\u0430\u043c \u0441\u043e\u0437\u0434\u0430\u043d\u0438\u044f \u0438 \u043f\u0440\u043e\u0434\u0432\u0438\u0436\u0435\u043d\u0438\u044f \u0431\u0438\u0437\u043d\u0435\u0441\u0430 \u0432\u043e \u0424\u0440\u0430\u043d\u0446\u0438\u0438.","sameAs":["https:\/\/www.facebook.com\/OlgaRouzade","https:\/\/www.instagram.com\/olga.rouzade\/","https:\/\/www.linkedin.com\/in\/olga-rouzade\/","https:\/\/x.com\/https:\/\/twitter.com\/olgarouzade","https:\/\/www.youtube.com\/channel\/UCnq3HZMlA_z28sXegNED8kA"]}]}},"_links":{"self":[{"href":"https:\/\/rouzade.com\/fr\/wp-json\/wp\/v2\/pages\/4927","targetHints":{"allow":["GET"]}}],"collection":[{"href":"https:\/\/rouzade.com\/fr\/wp-json\/wp\/v2\/pages"}],"about":[{"href":"https:\/\/rouzade.com\/fr\/wp-json\/wp\/v2\/types\/page"}],"author":[{"embeddable":true,"href":"https:\/\/rouzade.com\/fr\/wp-json\/wp\/v2\/users\/1"}],"replies":[{"embeddable":true,"href":"https:\/\/rouzade.com\/fr\/wp-json\/wp\/v2\/comments?post=4927"}],"version-history":[{"count":7,"href":"https:\/\/rouzade.com\/fr\/wp-json\/wp\/v2\/pages\/4927\/revisions"}],"predecessor-version":[{"id":6166,"href":"https:\/\/rouzade.com\/fr\/wp-json\/wp\/v2\/pages\/4927\/revisions\/6166"}],"wp:attachment":[{"href":"https:\/\/rouzade.com\/fr\/wp-json\/wp\/v2\/media?parent=4927"}],"curies":[{"name":"wp","href":"https:\/\/api.w.org\/{rel}","templated":true}]}}