{"id":4975,"date":"2023-12-12T09:50:58","date_gmt":"2023-12-12T08:50:58","guid":{"rendered":"https:\/\/rouzade.com\/?page_id=4975"},"modified":"2025-11-29T15:52:46","modified_gmt":"2025-11-29T14:52:46","slug":"disclaimer-2","status":"publish","type":"page","link":"https:\/\/rouzade.com\/fr\/disclaimer-2\/","title":{"rendered":"D\u00e9ni de responsabilit\u00e9"},"content":{"rendered":"<p>Derni\u00e8re mise \u00e0 jour : 12 d\u00e9cembre 2023<\/p>\n<h2>Interpr\u00e9tation et d\u00e9finitions<\/h2>\n<h3>Interpr\u00e9tation<\/h3>\n<p>Les mots dont la lettre initiale est en majuscule ont des significations d\u00e9finies dans les conditions suivantes.<\/p>\n<p>Les d\u00e9finitions suivantes ont la m\u00eame signification qu\u2019elles apparaissent au singulier ou au pluriel.<\/p>\n<h3>D\u00e9finitions<\/h3>\n<p>Aux fins de cette clause de non-responsabilit\u00e9\u00a0:<\/p>\n<p>La Soci\u00e9t\u00e9 (d\u00e9sign\u00e9e par \u00ab la Soci\u00e9t\u00e9 \u00bb, \u00ab Nous \u00bb, \u00ab Notre \u00bb ou \u00ab Notre \u00bb dans le pr\u00e9sent Avis de non-responsabilit\u00e9) fait r\u00e9f\u00e9rence \u00e0 rouzade.com.<\/p>\n<p>Le Service fait r\u00e9f\u00e9rence au Site Internet.<\/p>\n<p>Vous d\u00e9signez la personne acc\u00e9dant au Service, ou la soci\u00e9t\u00e9, ou autre entit\u00e9 juridique au nom de laquelle cette personne acc\u00e8de ou utilise le Service, selon le cas.<\/p>\n<p>Le site appartient \u00e0 rouzade.com, accessible \u00e0 l&#039;adresse https:\/\/rouzade.com\/.<\/p>\n<h2>D\u00e9ni de responsabilit\u00e9<\/h2>\n<p>Les informations contenues sur le Service sont uniquement \u00e0 des fins d&#039;information g\u00e9n\u00e9rale.<\/p>\n<p>La Soci\u00e9t\u00e9 n&#039;est pas responsable des erreurs ou omissions dans le contenu du Service.<\/p>\n<p>En aucun cas, la Soci\u00e9t\u00e9 ne sera responsable de tout dommage sp\u00e9cial, direct, indirect, cons\u00e9cutif ou accidentel ou de quelque dommage que ce soit, que ce soit dans le cadre d&#039;une action contractuelle, de n\u00e9gligence ou autre d\u00e9lit, d\u00e9coulant de ou en relation avec l&#039;utilisation du Service ou le contenu du Service. La Soci\u00e9t\u00e9 se r\u00e9serve le droit d&#039;effectuer des ajouts, des suppressions ou des modifications au contenu du Service \u00e0 tout moment et sans pr\u00e9avis.<\/p>\n<p>La Soci\u00e9t\u00e9 ne garantit pas que le Service est exempt de virus ou d&#039;autres composants nuisibles.<\/p>\n<h2>Clause de non-responsabilit\u00e9 relative aux liens externes<\/h2>\n<p>Le Service peut contenir des liens vers des sites Web externes qui ne sont pas fournis ou maintenus par ou affili\u00e9s de quelque mani\u00e8re que ce soit \u00e0 la Soci\u00e9t\u00e9.<\/p>\n<p>Veuillez noter que la Soci\u00e9t\u00e9 ne garantit pas l&#039;exactitude, l&#039;actualit\u00e9, l&#039;actualit\u00e9 ou l&#039;exhaustivit\u00e9 des informations pr\u00e9sentes sur ces sites Web externes.<\/p>\n<h2>Avis sur les produits<\/h2>\n<p>Afin de mon\u00e9tiser et de payer le Service, la Soci\u00e9t\u00e9 peut recevoir une compensation (en esp\u00e8ces ou sous forme de produits gratuits) pour les avis ou le soutien d&#039;une entreprise, d&#039;un produit ou d&#039;un service sp\u00e9cifique.<\/p>\n<p>La Soci\u00e9t\u00e9 reste ind\u00e9pendante et les audits sont effectu\u00e9s selon son propre jugement, quel que soit le montant de la r\u00e9mun\u00e9ration qui pourrait \u00eatre per\u00e7ue.<\/p>\n<p>Conform\u00e9ment \u00e0 la politique de la FTC, les articles qui examinent une entreprise, un produit ou un service pour lequel une compensation a \u00e9t\u00e9 re\u00e7ue comprendront une clause de non-responsabilit\u00e9.<\/p>\n<h2>Avis de non-responsabilit\u00e9 concernant les erreurs et omissions<\/h2>\n<p>Les informations fournies par le Service sont destin\u00e9es \u00e0 des informations g\u00e9n\u00e9rales uniquement sur des questions d&#039;int\u00e9r\u00eat. M\u00eame si la Soci\u00e9t\u00e9 prend toutes les pr\u00e9cautions pour garantir que le contenu du Service est actuel et exact, des erreurs peuvent survenir. De plus, compte tenu de la nature \u00e9volutive des lois, r\u00e8gles et r\u00e9glementations, il peut y avoir des retards, des omissions ou des inexactitudes dans les informations contenues dans le Service.<\/p>\n<p>La Soci\u00e9t\u00e9 n&#039;est pas responsable des erreurs ou omissions ou des r\u00e9sultats obtenus gr\u00e2ce \u00e0 l&#039;utilisation de ces informations.<\/p>\n<h2>Avis de non-responsabilit\u00e9 en mati\u00e8re d&#039;utilisation \u00e9quitable<\/h2>\n<p>La Soci\u00e9t\u00e9 peut utiliser du mat\u00e9riel prot\u00e9g\u00e9 par le droit d&#039;auteur qui n&#039;a pas toujours \u00e9t\u00e9 sp\u00e9cifiquement autoris\u00e9 par le propri\u00e9taire du droit d&#039;auteur. La Soci\u00e9t\u00e9 fournit ce type de mat\u00e9riel \u00e0 des fins de critique, de commentaire, d&#039;actualit\u00e9, d&#039;enseignement, d&#039;\u00e9rudition ou de recherche.<\/p>\n<p>La soci\u00e9t\u00e9 estime que cela constitue une \u00ab utilisation \u00e9quitable \u00bb de tout mat\u00e9riel prot\u00e9g\u00e9 par le droit d&#039;auteur, comme le pr\u00e9voit l&#039;article 107 de la loi am\u00e9ricaine sur le droit d&#039;auteur.<\/p>\n<p>Si vous souhaitez utiliser du mat\u00e9riel prot\u00e9g\u00e9 par le droit d&#039;auteur sur le Service \u00e0 des fins allant au-del\u00e0 d&#039;une utilisation \u00e9quitable, vous devez obtenir l&#039;autorisation du propri\u00e9taire du droit d&#039;auteur.<\/p>\n<h2>Opinions exprim\u00e9es<\/h2>\n<p>Le Service peut contenir des points de vue et des opinions qui sont ceux des auteurs et ne refl\u00e8tent pas n\u00e9cessairement la politique ou la position officielle de tout autre auteur, agence, organisation, employeur ou entreprise, y compris la Soci\u00e9t\u00e9.<\/p>\n<p>Les commentaires post\u00e9s par les utilisateurs rel\u00e8vent de leur seule responsabilit\u00e9 et les utilisateurs assument l&#039;enti\u00e8re responsabilit\u00e9 et le bl\u00e2me pour toute diffamation ou litige r\u00e9sultant de ou r\u00e9sultant directement de tout ce qui est \u00e9crit dans un commentaire. La Soci\u00e9t\u00e9 n&#039;est pas responsable des commentaires publi\u00e9s par les utilisateurs et se r\u00e9serve le droit de supprimer tout commentaire pour quelque raison que ce soit.<\/p>\n<h2>Manque de responsabilit\u00e9<\/h2>\n<p>Les informations sur le Service sont fournies \u00e9tant entendu que la Soci\u00e9t\u00e9 n&#039;est pas engag\u00e9e dans la fourniture de conseils ou de services juridiques, comptables, fiscaux ou autres. Par cons\u00e9quent, il ne doit pas \u00eatre utilis\u00e9 comme substitut \u00e0 la consultation de conseillers professionnels comptables, fiscaux, juridiques ou autres conseillers qualifi\u00e9s.<\/p>\n<p>En aucun cas, la Soci\u00e9t\u00e9 ou ses fournisseurs ne seront responsables de tout dommage sp\u00e9cial, accidentel, cons\u00e9cutif ou autre d\u00e9coulant de ou en relation avec votre acc\u00e8s, votre utilisation ou votre incapacit\u00e9 \u00e0 acc\u00e9der ou \u00e0 utiliser le Service.<\/p>\n<h2>Avis de non-responsabilit\u00e9 &quot;Utilisation \u00e0 vos propres risques&quot;<\/h2>\n<p>Toutes les informations sur le Service sont fournies \u00ab telles quelles \u00bb, sans aucune garantie d&#039;exhaustivit\u00e9, d&#039;exactitude, d&#039;actualit\u00e9 ou des r\u00e9sultats obtenus \u00e0 partir de l&#039;utilisation de ces informations, et sans garantie d&#039;aucune sorte, expresse ou implicite, y compris, mais sans s&#039;y limiter, garanties de performance, de biens et d\u2019ad\u00e9quation \u00e0 un usage particulier.<\/p>\n<p>La Soci\u00e9t\u00e9 ne sera pas responsable envers vous ou toute autre personne de toute d\u00e9cision ou action prise sur la base des informations fournies par le Service ou de tout dommage indirect, sp\u00e9cial ou similaire, m\u00eame si elle est inform\u00e9e de la possibilit\u00e9 de tels dommages.<\/p>\n<h2>Nous contacter<\/h2>\n<p>Si vous avez des questions concernant cette clause de non-responsabilit\u00e9, vous pouvez nous contacter\u00a0:<\/p>\n<p>Par email : cabinet@rouzade.com.<br \/>\nPar num\u00e9ro de t\u00e9l\u00e9phone : 0749859516.<\/p>","protected":false},"excerpt":{"rendered":"<p>Derni\u00e8re mise \u00e0 jour : 12 d\u00e9cembre 2023 Interpr\u00e9tation et d\u00e9finitions Interpr\u00e9tation Les mots dont la lettre initiale est en majuscule ont des significations d\u00e9finies dans les conditions suivantes. Les d\u00e9finitions suivantes ont le m\u00eame sens qu\u2019elles apparaissent au singulier ou au pluriel. D\u00e9finitions Aux fins de la pr\u00e9sente clause de non-responsabilit\u00e9 : La Soci\u00e9t\u00e9 (d\u00e9sign\u00e9e dans la pr\u00e9sente clause de non-responsabilit\u00e9 [\u2026]<\/p>","protected":false},"author":1,"featured_media":0,"parent":0,"menu_order":0,"comment_status":"closed","ping_status":"closed","template":"","meta":{"_acf_changed":false,"content-type":"","footnotes":""},"class_list":["post-4975","page","type-page","status-publish"],"acf":[],"yoast_head":"<title>\u041e\u0442\u043a\u0430\u0437 \u043e\u0442 \u043e\u0442\u0432\u0435\u0442\u0441\u0442\u0432\u0435\u043d\u043d\u043e\u0441\u0442\u0438 -<\/title>\n<meta name=\"robots\" content=\"noindex, follow\" \/>\n<meta property=\"og:locale\" content=\"fr_FR\" \/>\n<meta property=\"og:type\" content=\"article\" \/>\n<meta property=\"og:title\" content=\"\u041e\u0442\u043a\u0430\u0437 \u043e\u0442 \u043e\u0442\u0432\u0435\u0442\u0441\u0442\u0432\u0435\u043d\u043d\u043e\u0441\u0442\u0438 -\" \/>\n<meta property=\"og:description\" content=\"\u041f\u043e\u0441\u043b\u0435\u0434\u043d\u0435\u0435 \u043e\u0431\u043d\u043e\u0432\u043b\u0435\u043d\u0438\u0435: 12 \u0434\u0435\u043a\u0430\u0431\u0440\u044f 2023 \u0433. \u0418\u043d\u0442\u0435\u0440\u043f\u0440\u0435\u0442\u0430\u0446\u0438\u044f \u0438 \u043e\u043f\u0440\u0435\u0434\u0435\u043b\u0435\u043d\u0438\u044f \u0418\u043d\u0442\u0435\u0440\u043f\u0440\u0435\u0442\u0430\u0446\u0438\u044f \u0421\u043b\u043e\u0432\u0430, \u043d\u0430\u0447\u0430\u043b\u044c\u043d\u0430\u044f \u0431\u0443\u043a\u0432\u0430 \u043a\u043e\u0442\u043e\u0440\u044b\u0445 \u043d\u0430\u043f\u0438\u0441\u0430\u043d\u0430 \u0441 \u0437\u0430\u0433\u043b\u0430\u0432\u043d\u043e\u0439 \u0431\u0443\u043a\u0432\u044b, \u0438\u043c\u0435\u044e\u0442 \u0437\u043d\u0430\u0447\u0435\u043d\u0438\u044f, \u043e\u043f\u0440\u0435\u0434\u0435\u043b\u0435\u043d\u043d\u044b\u0435 \u043f\u0440\u0438 \u0441\u043b\u0435\u0434\u0443\u044e\u0449\u0438\u0445 \u0443\u0441\u043b\u043e\u0432\u0438\u044f\u0445. \u0421\u043b\u0435\u0434\u0443\u044e\u0449\u0438\u0435 \u043e\u043f\u0440\u0435\u0434\u0435\u043b\u0435\u043d\u0438\u044f \u0438\u043c\u0435\u044e\u0442 \u043e\u0434\u0438\u043d\u0430\u043a\u043e\u0432\u043e\u0435 \u0437\u043d\u0430\u0447\u0435\u043d\u0438\u0435 \u043d\u0435\u0437\u0430\u0432\u0438\u0441\u0438\u043c\u043e \u043e\u0442 \u0442\u043e\u0433\u043e, \u0443\u043f\u043e\u0442\u0440\u0435\u0431\u043b\u044f\u044e\u0442\u0441\u044f \u043b\u0438 \u043e\u043d\u0438 \u0432 \u0435\u0434\u0438\u043d\u0441\u0442\u0432\u0435\u043d\u043d\u043e\u043c \u0438\u043b\u0438 \u043c\u043d\u043e\u0436\u0435\u0441\u0442\u0432\u0435\u043d\u043d\u043e\u043c \u0447\u0438\u0441\u043b\u0435. \u041e\u043f\u0440\u0435\u0434\u0435\u043b\u0435\u043d\u0438\u044f \u0414\u043b\u044f \u0446\u0435\u043b\u0435\u0439 \u0434\u0430\u043d\u043d\u043e\u0433\u043e \u043e\u0442\u043a\u0430\u0437\u0430 \u043e\u0442 \u043e\u0442\u0432\u0435\u0442\u0441\u0442\u0432\u0435\u043d\u043d\u043e\u0441\u0442\u0438: \u041a\u043e\u043c\u043f\u0430\u043d\u0438\u044f (\u0438\u043c\u0435\u043d\u0443\u0435\u043c\u0430\u044f \u0432 \u043d\u0430\u0441\u0442\u043e\u044f\u0449\u0435\u043c \u0417\u0430\u044f\u0432\u043b\u0435\u043d\u0438\u0438 \u043e\u0431 \u043e\u0442\u043a\u0430\u0437\u0435 \u043e\u0442 [&hellip;]\" \/>\n<meta property=\"og:url\" content=\"https:\/\/rouzade.com\/fr\/disclaimer-2\/\" \/>\n<meta property=\"article:publisher\" content=\"https:\/\/www.facebook.com\/OlgaRouzade\" \/>\n<meta property=\"article:modified_time\" content=\"2025-11-29T14:52:46+00:00\" \/>\n<meta name=\"twitter:card\" content=\"summary_large_image\" \/>\n<meta name=\"twitter:site\" content=\"@olgarouzade\" \/>\n<meta name=\"twitter:label1\" content=\"Dur\u00e9e de lecture estim\u00e9e\" \/>\n\t<meta name=\"twitter:data1\" content=\"5 minutes\" \/>","yoast_head_json":{"title":"\u041e\u0442\u043a\u0430\u0437 \u043e\u0442 \u043e\u0442\u0432\u0435\u0442\u0441\u0442\u0432\u0435\u043d\u043d\u043e\u0441\u0442\u0438 -","robots":{"index":"noindex","follow":"follow"},"og_locale":"fr_FR","og_type":"article","og_title":"\u041e\u0442\u043a\u0430\u0437 \u043e\u0442 \u043e\u0442\u0432\u0435\u0442\u0441\u0442\u0432\u0435\u043d\u043d\u043e\u0441\u0442\u0438 -","og_description":"\u041f\u043e\u0441\u043b\u0435\u0434\u043d\u0435\u0435 \u043e\u0431\u043d\u043e\u0432\u043b\u0435\u043d\u0438\u0435: 12 \u0434\u0435\u043a\u0430\u0431\u0440\u044f 2023 \u0433. \u0418\u043d\u0442\u0435\u0440\u043f\u0440\u0435\u0442\u0430\u0446\u0438\u044f \u0438 \u043e\u043f\u0440\u0435\u0434\u0435\u043b\u0435\u043d\u0438\u044f \u0418\u043d\u0442\u0435\u0440\u043f\u0440\u0435\u0442\u0430\u0446\u0438\u044f \u0421\u043b\u043e\u0432\u0430, \u043d\u0430\u0447\u0430\u043b\u044c\u043d\u0430\u044f \u0431\u0443\u043a\u0432\u0430 \u043a\u043e\u0442\u043e\u0440\u044b\u0445 \u043d\u0430\u043f\u0438\u0441\u0430\u043d\u0430 \u0441 \u0437\u0430\u0433\u043b\u0430\u0432\u043d\u043e\u0439 \u0431\u0443\u043a\u0432\u044b, \u0438\u043c\u0435\u044e\u0442 \u0437\u043d\u0430\u0447\u0435\u043d\u0438\u044f, \u043e\u043f\u0440\u0435\u0434\u0435\u043b\u0435\u043d\u043d\u044b\u0435 \u043f\u0440\u0438 \u0441\u043b\u0435\u0434\u0443\u044e\u0449\u0438\u0445 \u0443\u0441\u043b\u043e\u0432\u0438\u044f\u0445. \u0421\u043b\u0435\u0434\u0443\u044e\u0449\u0438\u0435 \u043e\u043f\u0440\u0435\u0434\u0435\u043b\u0435\u043d\u0438\u044f \u0438\u043c\u0435\u044e\u0442 \u043e\u0434\u0438\u043d\u0430\u043a\u043e\u0432\u043e\u0435 \u0437\u043d\u0430\u0447\u0435\u043d\u0438\u0435 \u043d\u0435\u0437\u0430\u0432\u0438\u0441\u0438\u043c\u043e \u043e\u0442 \u0442\u043e\u0433\u043e, \u0443\u043f\u043e\u0442\u0440\u0435\u0431\u043b\u044f\u044e\u0442\u0441\u044f \u043b\u0438 \u043e\u043d\u0438 \u0432 \u0435\u0434\u0438\u043d\u0441\u0442\u0432\u0435\u043d\u043d\u043e\u043c \u0438\u043b\u0438 \u043c\u043d\u043e\u0436\u0435\u0441\u0442\u0432\u0435\u043d\u043d\u043e\u043c \u0447\u0438\u0441\u043b\u0435. \u041e\u043f\u0440\u0435\u0434\u0435\u043b\u0435\u043d\u0438\u044f \u0414\u043b\u044f \u0446\u0435\u043b\u0435\u0439 \u0434\u0430\u043d\u043d\u043e\u0433\u043e \u043e\u0442\u043a\u0430\u0437\u0430 \u043e\u0442 \u043e\u0442\u0432\u0435\u0442\u0441\u0442\u0432\u0435\u043d\u043d\u043e\u0441\u0442\u0438: \u041a\u043e\u043c\u043f\u0430\u043d\u0438\u044f (\u0438\u043c\u0435\u043d\u0443\u0435\u043c\u0430\u044f \u0432 \u043d\u0430\u0441\u0442\u043e\u044f\u0449\u0435\u043c \u0417\u0430\u044f\u0432\u043b\u0435\u043d\u0438\u0438 \u043e\u0431 \u043e\u0442\u043a\u0430\u0437\u0435 \u043e\u0442 [&hellip;]","og_url":"https:\/\/rouzade.com\/fr\/disclaimer-2\/","article_publisher":"https:\/\/www.facebook.com\/OlgaRouzade","article_modified_time":"2025-11-29T14:52:46+00:00","twitter_card":"summary_large_image","twitter_site":"@olgarouzade","twitter_misc":{"Dur\u00e9e de lecture estim\u00e9e":"5 minutes"},"schema":{"@context":"https:\/\/schema.org","@graph":[{"@type":"WebPage","@id":"https:\/\/rouzade.com\/disclaimer-2\/","url":"https:\/\/rouzade.com\/disclaimer-2\/","name":"\u041e\u0442\u043a\u0430\u0437 \u043e\u0442 \u043e\u0442\u0432\u0435\u0442\u0441\u0442\u0432\u0435\u043d\u043d\u043e\u0441\u0442\u0438 -","isPartOf":{"@id":"https:\/\/rouzade.com\/#website"},"datePublished":"2023-12-12T08:50:58+00:00","dateModified":"2025-11-29T14:52:46+00:00","breadcrumb":{"@id":"https:\/\/rouzade.com\/disclaimer-2\/#breadcrumb"},"inLanguage":"fr-FR","potentialAction":[{"@type":"ReadAction","target":["https:\/\/rouzade.com\/disclaimer-2\/"]}]},{"@type":"BreadcrumbList","@id":"https:\/\/rouzade.com\/disclaimer-2\/#breadcrumb","itemListElement":[{"@type":"ListItem","position":1,"name":"\u0413\u043b\u0430\u0432\u043d\u0430\u044f \u0441\u0442\u0440\u0430\u043d\u0438\u0446\u0430","item":"https:\/\/rouzade.com\/"},{"@type":"ListItem","position":2,"name":"\u041e\u0442\u043a\u0430\u0437 \u043e\u0442 \u043e\u0442\u0432\u0435\u0442\u0441\u0442\u0432\u0435\u043d\u043d\u043e\u0441\u0442\u0438"}]},{"@type":"WebSite","@id":"https:\/\/rouzade.com\/#website","url":"https:\/\/rouzade.com\/","name":"","description":"","publisher":{"@id":"https:\/\/rouzade.com\/#\/schema\/person\/feb351bd99df599181072e5e3deb2142"},"potentialAction":[{"@type":"SearchAction","target":{"@type":"EntryPoint","urlTemplate":"https:\/\/rouzade.com\/?s={search_term_string}"},"query-input":{"@type":"PropertyValueSpecification","valueRequired":true,"valueName":"search_term_string"}}],"inLanguage":"fr-FR"},{"@type":["Person","Organization"],"@id":"https:\/\/rouzade.com\/#\/schema\/person\/feb351bd99df599181072e5e3deb2142","name":"Olga Rouzade","image":{"@type":"ImageObject","inLanguage":"fr-FR","@id":"https:\/\/rouzade.com\/#\/schema\/person\/image\/","url":"https:\/\/rouzade.com\/wp-content\/uploads\/2019\/07\/1.png","contentUrl":"https:\/\/rouzade.com\/wp-content\/uploads\/2019\/07\/1.png","width":500,"height":500,"caption":"Olga Rouzade"},"logo":{"@id":"https:\/\/rouzade.com\/#\/schema\/person\/image\/"},"description":"\u0421\u043e\u0432\u0435\u0442\u043d\u0438\u043a \u043f\u043e \u0441\u043e\u0437\u0434\u0430\u043d\u0438\u044e \u0438 \u043f\u0440\u043e\u0434\u0432\u0438\u0436\u0435\u043d\u0438\u044e \u0431\u0438\u0437\u043d\u0435\u0441\u0430 \u0438 \u043e\u0440\u0433\u0430\u043d\u0438\u0437\u0430\u0446\u0438\u0438 \u043b\u0438\u0447\u043d\u044b\u0445, \u0441\u0435\u043c\u0435\u0439\u043d\u044b\u0445 \u0444\u0438\u043d\u0430\u043d\u0441\u043e\u0432. \u041f\u043e\u043c\u043e\u0433\u0430\u044e \u0441\u043e\u0441\u0442\u0430\u0432\u0438\u0442\u044c \u043f\u0440\u043e\u0433\u0440\u0430\u043c\u043c\u0443 \u0440\u0435\u0448\u0435\u043d\u0438\u0439 \u0434\u043b\u044f \u0434\u043e\u0441\u0442\u0438\u0436\u0435\u043d\u0438\u044f \u0432\u0430\u0448\u0438\u0445 \u0444\u0438\u043d\u0430\u043d\u0441\u043e\u0432\u044b\u0445 \u0446\u0435\u043b\u0435\u0439 \u0441 \u0443\u0447\u0435\u0442\u043e\u043c \u043d\u0430\u043b\u043e\u0433\u043e\u0432\u043e\u0439 \u043e\u043f\u0442\u0438\u043c\u0438\u0437\u0430\u0446\u0438\u0438. \u041a\u043e\u043d\u0441\u0443\u043b\u044c\u0442\u0438\u0440\u0443\u044e \u043f\u043e \u0432\u043e\u043f\u0440\u043e\u0441\u0430\u043c \u0441\u043e\u0437\u0434\u0430\u043d\u0438\u044f \u0438 \u043f\u0440\u043e\u0434\u0432\u0438\u0436\u0435\u043d\u0438\u044f \u0431\u0438\u0437\u043d\u0435\u0441\u0430 \u0432\u043e \u0424\u0440\u0430\u043d\u0446\u0438\u0438.","sameAs":["https:\/\/www.facebook.com\/OlgaRouzade","https:\/\/www.instagram.com\/olga.rouzade\/","https:\/\/www.linkedin.com\/in\/olga-rouzade\/","https:\/\/x.com\/https:\/\/twitter.com\/olgarouzade","https:\/\/www.youtube.com\/channel\/UCnq3HZMlA_z28sXegNED8kA"]}]}},"_links":{"self":[{"href":"https:\/\/rouzade.com\/fr\/wp-json\/wp\/v2\/pages\/4975","targetHints":{"allow":["GET"]}}],"collection":[{"href":"https:\/\/rouzade.com\/fr\/wp-json\/wp\/v2\/pages"}],"about":[{"href":"https:\/\/rouzade.com\/fr\/wp-json\/wp\/v2\/types\/page"}],"author":[{"embeddable":true,"href":"https:\/\/rouzade.com\/fr\/wp-json\/wp\/v2\/users\/1"}],"replies":[{"embeddable":true,"href":"https:\/\/rouzade.com\/fr\/wp-json\/wp\/v2\/comments?post=4975"}],"version-history":[{"count":4,"href":"https:\/\/rouzade.com\/fr\/wp-json\/wp\/v2\/pages\/4975\/revisions"}],"predecessor-version":[{"id":6190,"href":"https:\/\/rouzade.com\/fr\/wp-json\/wp\/v2\/pages\/4975\/revisions\/6190"}],"wp:attachment":[{"href":"https:\/\/rouzade.com\/fr\/wp-json\/wp\/v2\/media?parent=4975"}],"curies":[{"name":"wp","href":"https:\/\/api.w.org\/{rel}","templated":true}]}}